{"id":378,"date":"2025-04-10T15:31:25","date_gmt":"2025-04-10T13:31:25","guid":{"rendered":"https:\/\/ahod360.ili.eu\/?page_id=378"},"modified":"2025-04-10T22:35:29","modified_gmt":"2025-04-10T20:35:29","slug":"cintura-iles","status":"publish","type":"page","link":"https:\/\/ahod360.ili.eu\/index.php\/fr\/cintura-iles\/","title":{"rendered":"Cintura (\u00celes)"},"content":{"rendered":"\n<p>Bienvenue au chantier naval Cintura en Sicile, o\u00f9 des bateaux en bois traditionnels sont construits et restaur\u00e9s depuis des g\u00e9n\u00e9rations. D\u00e9couvrez l&#8217;histoire riche et les m\u00e9thodes de construction innovantes qui rendent ce chantier unique.<\/p>\n\n\n\n<p>Cintura Shipyard, situ\u00e9 dans la zone historique de Trapani, Sicile, depuis 1867, est un chantier naval historique se concentrant sur les bateaux en bois traditionnels. Fond\u00e9 par la famille Martines, c\u00e9l\u00e8bres ma\u00eetres charpentiers de Trapani, le chantier a conserv\u00e9 ses racines artisanales tout en int\u00e9grant des techniques modernes. Le chantier est connu pour la restauration et l&#8217;entretien des bateaux en bois et la transmission des connaissances traditionnelles de construction navale sur six g\u00e9n\u00e9rations. Il joue un r\u00f4le important dans l&#8217;\u00e9conomie et la communaut\u00e9 locale et est un rep\u00e8re culturel de Trapani.<\/p>\n\n\n<div id='ggpkg_container_0_378' style='width:100%; height:800px; position: relative;'>\n<div style='width:100%; height:100%; overflow: hidden; position:relative; display:flex; justify-content:center; align-items:center;'>\n<img src='https:\/\/ahod360.ili.eu\/wp-content\/uploads\/2025\/04\/Islands\/preview.jpg' alt='' onclick='startPlayer_0_378();' style='min-width:100%; max-width: 10000px; min-height: 100%; max-height: 10000px; position: absolute;'>\n<img src='\/wp-content\/plugins\/garden-gnome-package\/include\/play.png' alt='' onclick='startPlayer_0_378();' style='width: 180px; height: 180px; z-index:10; display: block;'>\n<\/div>\n<\/div>\n<script type='text\/javascript' src='https:\/\/ahod360.ili.eu\/wp-content\/uploads\/2025\/04\/Islands\/pano2vr_player.js'><\/script>\n<script type='text\/javascript' src='https:\/\/ahod360.ili.eu\/wp-content\/uploads\/2025\/04\/Islands\/skin.js'><\/script>\n<script type='text\/javascript'>\nfunction startPlayer_0_378() {\nif  (typeof Islands_pano2vrPlayer != 'undefined') {\n\tpano_0_378=new Islands_pano2vrPlayer('ggpkg_container_0_378');\n} else {\n\tpano_0_378=new pano2vrPlayer('ggpkg_container_0_378');\n}\nif  (typeof Islands_pano2vrSkin != 'undefined') {\n\tskin_0_378=new Islands_pano2vrSkin(pano_0_378, 'https:\/\/ahod360.ili.eu\/wp-content\/uploads\/2025\/04\/Islands\/');\n} else {\n\tskin_0_378=new pano2vrSkin(pano_0_378, 'https:\/\/ahod360.ili.eu\/wp-content\/uploads\/2025\/04\/Islands\/');\n}\npano_0_378.readConfigUrlAsync('https:\/\/ahod360.ili.eu\/wp-content\/uploads\/2025\/04\/Islands\/pano.xml');\nvar contentOverflow = document.getElementById('content') ? document.getElementById('content').style.overflow : '';\npano_0_378.addListener('fullscreenenter', function() {\n\tif (document.getElementById('content')) {\n\t\tdocument.getElementById('content').style.overflow = 'visible';\n\t}\n});\npano_0_378.addListener('fullscreenexit', function() {\n\tif (document.getElementById('content')) {\n\t\tdocument.getElementById('content').style.overflow = contentOverflow;\n\t}\n});\n}\n<\/script>\n\n\n\n<div style=\"height:70px\" aria-hidden=\"true\" class=\"wp-block-spacer\"><\/div>\n\n\n\n<h2 class=\"wp-block-heading\">\ud83d\udcd2 Plus d\u00b4informations<\/h2>\n\n\n\n<p>Pour plus d&#8217;informations utiles sur le chantier naval, y compris la navigation, les objectifs d&#8217;apprentissage et le contenu, veuillez t\u00e9l\u00e9charger notre manuel d&#8217;utilisation.<\/p>\n\n\n\n<div class=\"wp-block-file\"><a id=\"wp-block-file--media-c5109f55-ab0d-4527-adc2-d0d55ec062f8\" href=\"https:\/\/ahod360.ili.eu\/wp-content\/uploads\/2025\/04\/AHOD-360-D4.18-Manuel-de-lutilisateur_FR.pdf\">AHOD 360 &#8211; D4.18 Manuel de l&#8217;utilisateur_FR<\/a><a href=\"https:\/\/ahod360.ili.eu\/wp-content\/uploads\/2025\/04\/AHOD-360-D4.18-Manuel-de-lutilisateur_FR.pdf\" class=\"wp-block-file__button wp-element-button\" download aria-describedby=\"wp-block-file--media-c5109f55-ab0d-4527-adc2-d0d55ec062f8\">T\u00e9l\u00e9charger<\/a><\/div>\n\n\n\n<div style=\"height:70px\" aria-hidden=\"true\" class=\"wp-block-spacer\"><\/div>\n\n\n\n<h2 class=\"wp-block-heading\">\ud83c\udfb2 Testez vos connaissances!<\/h2>\n\n\n\n<p>Avez-vous appr\u00e9ci\u00e9 la visite du chantier naval? Testez maintenant vos connaissances avec nos questions interactives!<\/p>\n\n\n<div class=\"rrze-elements accordion style_light\" id=\"accordion-0\">\n<div class=\"accordion-group #A1BDCF\">\n<h2 class=\"accordion-heading\"><button class=\"accordion-toggle\" data-toggle=\"collapse\"  href=\"#collapse_0\" aria-expanded=\"false\" aria-controls=\"collapse_0\" id=\"collapse_button_0\"> Dialog Cards <\/button><\/h2>\n<div id=\"collapse_0\" class=\"accordion-body\" aria-labelledby=\"collapse_button_0\">\n<div class=\"accordion-inner clearfix\">\n<div class=\"h5p-iframe-wrapper\"><iframe id=\"h5p-iframe-118\" class=\"h5p-iframe\" data-content-id=\"118\" style=\"height:1px\" src=\"about:blank\" frameBorder=\"0\" scrolling=\"no\" title=\"AHOD360 - Cintura_Islands_Dialog Cards_French\"><\/iframe><\/div>\n<\/div>\n<\/div>\n<\/div>\n<p><\/p>\n<div class=\"accordion-group #A1BDCF\">\n<h2 class=\"accordion-heading\"><button class=\"accordion-toggle\" data-toggle=\"collapse\"  href=\"#collapse_1\" aria-expanded=\"false\" aria-controls=\"collapse_1\" id=\"collapse_button_1\"> Drag the Words <\/button><\/h2>\n<div id=\"collapse_1\" class=\"accordion-body\" aria-labelledby=\"collapse_button_1\">\n<div class=\"accordion-inner clearfix\">\n<div class=\"h5p-iframe-wrapper\"><iframe id=\"h5p-iframe-119\" class=\"h5p-iframe\" data-content-id=\"119\" style=\"height:1px\" src=\"about:blank\" frameBorder=\"0\" scrolling=\"no\" title=\"AHOD360 - Cintura_Islands_Drag the Words_French\"><\/iframe><\/div>\n<\/div>\n<\/div>\n<\/div>\n<p><\/p>\n<div class=\"accordion-group #A1BDCF\">\n<h2 class=\"accordion-heading\"><button class=\"accordion-toggle\" data-toggle=\"collapse\"  href=\"#collapse_2\" aria-expanded=\"false\" aria-controls=\"collapse_2\" id=\"collapse_button_2\"> Multiple Choice <\/button><\/h2>\n<div id=\"collapse_2\" class=\"accordion-body\" aria-labelledby=\"collapse_button_2\">\n<div class=\"accordion-inner clearfix\">\n<div class=\"h5p-iframe-wrapper\"><iframe id=\"h5p-iframe-120\" class=\"h5p-iframe\" data-content-id=\"120\" style=\"height:1px\" src=\"about:blank\" frameBorder=\"0\" scrolling=\"no\" title=\"AHOD360 - Cintura_Islands_Multiple Choice_French\"><\/iframe><\/div>\n<\/div>\n<\/div>\n<\/div>\n<p><\/p>\n<div class=\"accordion-group #A1BDCF\">\n<h2 class=\"accordion-heading\"><button class=\"accordion-toggle\" data-toggle=\"collapse\"  href=\"#collapse_3\" aria-expanded=\"false\" aria-controls=\"collapse_3\" id=\"collapse_button_3\"> True\/False <\/button><\/h2>\n<div id=\"collapse_3\" class=\"accordion-body\" aria-labelledby=\"collapse_button_3\">\n<div class=\"accordion-inner clearfix\">\n<div class=\"h5p-iframe-wrapper\"><iframe id=\"h5p-iframe-121\" class=\"h5p-iframe\" data-content-id=\"121\" style=\"height:1px\" src=\"about:blank\" frameBorder=\"0\" scrolling=\"no\" title=\"AHOD360 - Cintura_Islands_True False Question_French\"><\/iframe><\/div>\n<\/div>\n<\/div>\n<\/div>\n<p><\/p>\n<div class=\"accordion-group #A1BDCF\">\n<h2 class=\"accordion-heading\"><button class=\"accordion-toggle\" data-toggle=\"collapse\"  href=\"#collapse_4\" aria-expanded=\"false\" aria-controls=\"collapse_4\" id=\"collapse_button_4\"> Find the Words <\/button><\/h2>\n<div id=\"collapse_4\" class=\"accordion-body\" aria-labelledby=\"collapse_button_4\">\n<div class=\"accordion-inner clearfix\">\n<div class=\"h5p-iframe-wrapper\"><iframe id=\"h5p-iframe-122\" class=\"h5p-iframe\" data-content-id=\"122\" style=\"height:1px\" src=\"about:blank\" frameBorder=\"0\" scrolling=\"no\" title=\"AHOD360 - Cintura_Islands_Find The Words_French\"><\/iframe><\/div>\n<\/div>\n<\/div>\n<\/div>\n<p>\n<\/div>\n\n","protected":false},"excerpt":{"rendered":"<p>Bienvenue au chantier naval Cintura en Sicile, o\u00f9 des bateaux en bois traditionnels sont construits et restaur\u00e9s depuis des g\u00e9n\u00e9rations. D\u00e9couvrez l&#8217;histoire riche et les m\u00e9thodes de construction innovantes qui rendent ce chantier unique. Cintura Shipyard, situ\u00e9 dans la zone historique de Trapani, Sicile, depuis 1867, est un chantier naval historique se concentrant sur les &#8230; <a title=\"Cintura (\u00celes)\" class=\"read-more\" href=\"https:\/\/ahod360.ili.eu\/index.php\/fr\/cintura-iles\/\" aria-label=\"Mehr Informationen \u00fcber Cintura (\u00celes)\">Weiterlesen<\/a><\/p>\n","protected":false},"author":2,"featured_media":0,"parent":0,"menu_order":0,"comment_status":"closed","ping_status":"closed","template":"","meta":{"footnotes":""},"class_list":["post-378","page","type-page","status-publish"],"_links":{"self":[{"href":"https:\/\/ahod360.ili.eu\/index.php\/wp-json\/wp\/v2\/pages\/378","targetHints":{"allow":["GET"]}}],"collection":[{"href":"https:\/\/ahod360.ili.eu\/index.php\/wp-json\/wp\/v2\/pages"}],"about":[{"href":"https:\/\/ahod360.ili.eu\/index.php\/wp-json\/wp\/v2\/types\/page"}],"author":[{"embeddable":true,"href":"https:\/\/ahod360.ili.eu\/index.php\/wp-json\/wp\/v2\/users\/2"}],"replies":[{"embeddable":true,"href":"https:\/\/ahod360.ili.eu\/index.php\/wp-json\/wp\/v2\/comments?post=378"}],"version-history":[{"count":3,"href":"https:\/\/ahod360.ili.eu\/index.php\/wp-json\/wp\/v2\/pages\/378\/revisions"}],"predecessor-version":[{"id":436,"href":"https:\/\/ahod360.ili.eu\/index.php\/wp-json\/wp\/v2\/pages\/378\/revisions\/436"}],"wp:attachment":[{"href":"https:\/\/ahod360.ili.eu\/index.php\/wp-json\/wp\/v2\/media?parent=378"}],"curies":[{"name":"wp","href":"https:\/\/api.w.org\/{rel}","templated":true}]}}