{"id":372,"date":"2025-04-10T14:10:27","date_gmt":"2025-04-10T12:10:27","guid":{"rendered":"https:\/\/ahod360.ili.eu\/?page_id=372"},"modified":"2025-04-28T09:56:27","modified_gmt":"2025-04-28T07:56:27","slug":"cintura-inseln","status":"publish","type":"page","link":"https:\/\/ahod360.ili.eu\/index.php\/de\/cintura-inseln\/","title":{"rendered":"Cintura (Inseln)"},"content":{"rendered":"\n<p>Willkommen in der Cintura-Werft auf Sizilien, wo seit Generationen traditionelle Holzboote gebaut und restauriert werden. Entdecken Sie die reiche Geschichte und die innovativen Bauweisen, die diese Werft einzigartig machen.<\/p>\n\n\n\n<p>Cintura Shipyard, gelegen im historischen Bereich von Trapani, Sizilien, seit 1867, ist eine historische Werft, die sich auf traditionelle Holzboote konzentriert. Gegr\u00fcndet von der Familie Martines, ber\u00fchmte Meisterschiffbauer aus Trapani, hat die Werft ihre handwerklichen Wurzeln bewahrt und moderne Techniken integriert. Die Werft ist bekannt f\u00fcr die Restaurierung und Wartung von Holzbooten und die Weitergabe traditioneller Schiffbaukenntnisse \u00fcber sechs Generationen. Sie spielt eine wichtige Rolle in der lokalen Wirtschaft und Gemeinschaft und ist ein kulturelles Wahrzeichen von Trapani.<\/p>\n\n\n<div id='ggpkg_container_0_372' style='width:100%; height:800px; position: relative;'>\n<div style='width:100%; height:100%; overflow: hidden; position:relative; display:flex; justify-content:center; align-items:center;'>\n<img src='https:\/\/ahod360.ili.eu\/wp-content\/uploads\/2025\/04\/Islands\/preview.jpg' alt='' onclick='startPlayer_0_372();' style='min-width:100%; max-width: 10000px; min-height: 100%; max-height: 10000px; position: absolute;'>\n<img src='\/wp-content\/plugins\/garden-gnome-package\/include\/play.png' alt='' onclick='startPlayer_0_372();' style='width: 180px; height: 180px; z-index:10; display: block;'>\n<\/div>\n<\/div>\n<script type='text\/javascript' src='https:\/\/ahod360.ili.eu\/wp-content\/uploads\/2025\/04\/Islands\/pano2vr_player.js'><\/script>\n<script type='text\/javascript' src='https:\/\/ahod360.ili.eu\/wp-content\/uploads\/2025\/04\/Islands\/skin.js'><\/script>\n<script type='text\/javascript'>\nfunction startPlayer_0_372() {\nif  (typeof Islands_pano2vrPlayer != 'undefined') {\n\tpano_0_372=new Islands_pano2vrPlayer('ggpkg_container_0_372');\n} else {\n\tpano_0_372=new pano2vrPlayer('ggpkg_container_0_372');\n}\nif  (typeof Islands_pano2vrSkin != 'undefined') {\n\tskin_0_372=new Islands_pano2vrSkin(pano_0_372, 'https:\/\/ahod360.ili.eu\/wp-content\/uploads\/2025\/04\/Islands\/');\n} else {\n\tskin_0_372=new pano2vrSkin(pano_0_372, 'https:\/\/ahod360.ili.eu\/wp-content\/uploads\/2025\/04\/Islands\/');\n}\npano_0_372.readConfigUrlAsync('https:\/\/ahod360.ili.eu\/wp-content\/uploads\/2025\/04\/Islands\/pano.xml');\nvar contentOverflow = document.getElementById('content') ? document.getElementById('content').style.overflow : '';\npano_0_372.addListener('fullscreenenter', function() {\n\tif (document.getElementById('content')) {\n\t\tdocument.getElementById('content').style.overflow = 'visible';\n\t}\n});\npano_0_372.addListener('fullscreenexit', function() {\n\tif (document.getElementById('content')) {\n\t\tdocument.getElementById('content').style.overflow = contentOverflow;\n\t}\n});\n}\n<\/script>\n\n\n\n<div style=\"height:70px\" aria-hidden=\"true\" class=\"wp-block-spacer\"><\/div>\n\n\n\n<h2 class=\"wp-block-heading\">\ud83d\udcd2 Weitere Informationen<\/h2>\n\n\n\n<p>F\u00fcr weitere n\u00fctzliche Informationen zur Werft, einschlie\u00dflich Navigation, Lernzielen und Inhalten, laden Sie bitte unser Benutzerhandbuch herunter.<\/p>\n\n\n\n<div class=\"wp-block-file\"><a id=\"wp-block-file--media-73464a18-a410-4d8a-a627-19cd5cb1d995\" href=\"https:\/\/ahod360.ili.eu\/wp-content\/uploads\/2025\/04\/AHOD-360-D4.18-Benutzerhandbuch_DE-1.pdf\">AHOD 360 &#8211; D4.18 Benutzerhandbuch_DE<\/a><a href=\"https:\/\/ahod360.ili.eu\/wp-content\/uploads\/2025\/04\/AHOD-360-D4.18-Benutzerhandbuch_DE-1.pdf\" class=\"wp-block-file__button wp-element-button\" download aria-describedby=\"wp-block-file--media-73464a18-a410-4d8a-a627-19cd5cb1d995\">Herunterladen<\/a><\/div>\n\n\n\n<div style=\"height:70px\" aria-hidden=\"true\" class=\"wp-block-spacer\"><\/div>\n\n\n\n<h2 class=\"wp-block-heading\">\ud83c\udfb2 Testen Sie Ihr Wissen!<\/h2>\n\n\n\n<p>Hat Ihnen der Rundgang durch die Werft Spa\u00df gemacht? Testen Sie nun Ihr Wissen mit unseren interaktiven Fragen!<\/p>\n\n\n<div class=\"rrze-elements accordion style_light\" id=\"accordion-0\">\n<div class=\"accordion-group #A1BDCF\">\n<h2 class=\"accordion-heading\"><button class=\"accordion-toggle\" data-toggle=\"collapse\"  href=\"#collapse_0\" aria-expanded=\"false\" aria-controls=\"collapse_0\" id=\"collapse_button_0\"> Dialog Cards <\/button><\/h2>\n<div id=\"collapse_0\" class=\"accordion-body\" aria-labelledby=\"collapse_button_0\">\n<div class=\"accordion-inner clearfix\">\n<div class=\"h5p-iframe-wrapper\"><iframe id=\"h5p-iframe-108\" class=\"h5p-iframe\" data-content-id=\"108\" style=\"height:1px\" src=\"about:blank\" frameBorder=\"0\" scrolling=\"no\" title=\"AHOD360 - Cintura_Islands_Dialog Cards_German\"><\/iframe><\/div>\n<\/div>\n<\/div>\n<\/div>\n<p><\/p>\n<div class=\"accordion-group #A1BDCF\">\n<h2 class=\"accordion-heading\"><button class=\"accordion-toggle\" data-toggle=\"collapse\"  href=\"#collapse_1\" aria-expanded=\"false\" aria-controls=\"collapse_1\" id=\"collapse_button_1\"> Drag the Words <\/button><\/h2>\n<div id=\"collapse_1\" class=\"accordion-body\" aria-labelledby=\"collapse_button_1\">\n<div class=\"accordion-inner clearfix\">\n<div class=\"h5p-iframe-wrapper\"><iframe id=\"h5p-iframe-109\" class=\"h5p-iframe\" data-content-id=\"109\" style=\"height:1px\" src=\"about:blank\" frameBorder=\"0\" scrolling=\"no\" title=\"AHOD360 - Cintura_Islands_Drag the Words_German\"><\/iframe><\/div>\n<\/div>\n<\/div>\n<\/div>\n<p><\/p>\n<div class=\"accordion-group #A1BDCF\">\n<h2 class=\"accordion-heading\"><button class=\"accordion-toggle\" data-toggle=\"collapse\"  href=\"#collapse_2\" aria-expanded=\"false\" aria-controls=\"collapse_2\" id=\"collapse_button_2\"> Multiple Choice <\/button><\/h2>\n<div id=\"collapse_2\" class=\"accordion-body\" aria-labelledby=\"collapse_button_2\">\n<div class=\"accordion-inner clearfix\">\n<div class=\"h5p-iframe-wrapper\"><iframe id=\"h5p-iframe-110\" class=\"h5p-iframe\" data-content-id=\"110\" style=\"height:1px\" src=\"about:blank\" frameBorder=\"0\" scrolling=\"no\" title=\"AHOD360 - Cintura_Islands_Multiple Choice_German\"><\/iframe><\/div>\n<\/div>\n<\/div>\n<\/div>\n<p><\/p>\n<div class=\"accordion-group #A1BDCF\">\n<h2 class=\"accordion-heading\"><button class=\"accordion-toggle\" data-toggle=\"collapse\"  href=\"#collapse_3\" aria-expanded=\"false\" aria-controls=\"collapse_3\" id=\"collapse_button_3\"> True\/False <\/button><\/h2>\n<div id=\"collapse_3\" class=\"accordion-body\" aria-labelledby=\"collapse_button_3\">\n<div class=\"accordion-inner clearfix\">\n<div class=\"h5p-iframe-wrapper\"><iframe id=\"h5p-iframe-111\" class=\"h5p-iframe\" data-content-id=\"111\" style=\"height:1px\" src=\"about:blank\" frameBorder=\"0\" scrolling=\"no\" title=\"AHOD360 - Cintura_Islands_True False Question_German\"><\/iframe><\/div>\n<\/div>\n<\/div>\n<\/div>\n<p><\/p>\n<div class=\"accordion-group #A1BDCF\">\n<h2 class=\"accordion-heading\"><button class=\"accordion-toggle\" data-toggle=\"collapse\"  href=\"#collapse_4\" aria-expanded=\"false\" aria-controls=\"collapse_4\" id=\"collapse_button_4\"> Find the Words <\/button><\/h2>\n<div id=\"collapse_4\" class=\"accordion-body\" aria-labelledby=\"collapse_button_4\">\n<div class=\"accordion-inner clearfix\">\n<div class=\"h5p-iframe-wrapper\"><iframe id=\"h5p-iframe-112\" class=\"h5p-iframe\" data-content-id=\"112\" style=\"height:1px\" src=\"about:blank\" frameBorder=\"0\" scrolling=\"no\" title=\"AHOD360 - Cintura_Islands_Find The Words_German\"><\/iframe><\/div>\n<\/div>\n<\/div>\n<\/div>\n<p>\n<\/div>\n\n","protected":false},"excerpt":{"rendered":"<p>Willkommen in der Cintura-Werft auf Sizilien, wo seit Generationen traditionelle Holzboote gebaut und restauriert werden. Entdecken Sie die reiche Geschichte und die innovativen Bauweisen, die diese Werft einzigartig machen. Cintura Shipyard, gelegen im historischen Bereich von Trapani, Sizilien, seit 1867, ist eine historische Werft, die sich auf traditionelle Holzboote konzentriert. Gegr\u00fcndet von der Familie Martines, &#8230; <a title=\"Cintura (Inseln)\" class=\"read-more\" href=\"https:\/\/ahod360.ili.eu\/index.php\/de\/cintura-inseln\/\" aria-label=\"Mehr Informationen \u00fcber Cintura (Inseln)\">Weiterlesen<\/a><\/p>\n","protected":false},"author":2,"featured_media":0,"parent":0,"menu_order":0,"comment_status":"closed","ping_status":"closed","template":"","meta":{"footnotes":""},"class_list":["post-372","page","type-page","status-publish"],"_links":{"self":[{"href":"https:\/\/ahod360.ili.eu\/index.php\/wp-json\/wp\/v2\/pages\/372","targetHints":{"allow":["GET"]}}],"collection":[{"href":"https:\/\/ahod360.ili.eu\/index.php\/wp-json\/wp\/v2\/pages"}],"about":[{"href":"https:\/\/ahod360.ili.eu\/index.php\/wp-json\/wp\/v2\/types\/page"}],"author":[{"embeddable":true,"href":"https:\/\/ahod360.ili.eu\/index.php\/wp-json\/wp\/v2\/users\/2"}],"replies":[{"embeddable":true,"href":"https:\/\/ahod360.ili.eu\/index.php\/wp-json\/wp\/v2\/comments?post=372"}],"version-history":[{"count":3,"href":"https:\/\/ahod360.ili.eu\/index.php\/wp-json\/wp\/v2\/pages\/372\/revisions"}],"predecessor-version":[{"id":452,"href":"https:\/\/ahod360.ili.eu\/index.php\/wp-json\/wp\/v2\/pages\/372\/revisions\/452"}],"wp:attachment":[{"href":"https:\/\/ahod360.ili.eu\/index.php\/wp-json\/wp\/v2\/media?parent=372"}],"curies":[{"name":"wp","href":"https:\/\/api.w.org\/{rel}","templated":true}]}}