{"id":369,"date":"2025-04-10T13:00:42","date_gmt":"2025-04-10T11:00:42","guid":{"rendered":"https:\/\/ahod360.ili.eu\/?page_id=369"},"modified":"2025-04-10T22:35:18","modified_gmt":"2025-04-10T20:35:18","slug":"albaola-arc-atlantique","status":"publish","type":"page","link":"https:\/\/ahod360.ili.eu\/index.php\/fr\/albaola-arc-atlantique\/","title":{"rendered":"Albaola (Arc Atlantique)"},"content":{"rendered":"\n<p>Visitez Albaola, un chantier naval et mus\u00e9e d\u00e9di\u00e9 \u00e0 la reconstruction de navires historiques basques. D\u00e9couvrez la culture maritime vibrante du Pays Basque et l&#8217;artisanat authentique pr\u00e9serv\u00e9 ici.<\/p>\n\n\n\n<p>Albaola Itsas Kultur Faktoria \u00e0 Pasaia, Gipuzkoa, Espagne, est un chantier naval et mus\u00e9e d\u00e9di\u00e9 \u00e0 la construction et \u00e0 la restauration de navires historiques en bois utilisant des techniques artisanales traditionnelles. Fond\u00e9 en 1998 par Xabier Agote, Albaola promeut la culture maritime basque. Un projet important est la reconstruction du galion baleinier basque San Juan du XVIe si\u00e8cle. Albaola propose \u00e9galement des programmes de formation pour transmettre les comp\u00e9tences traditionnelles de construction navale aux g\u00e9n\u00e9rations futures. L&#8217;institution a un impact \u00e9conomique et culturel significatif sur la r\u00e9gion et a \u00e9t\u00e9 r\u00e9compens\u00e9e pour sa durabilit\u00e9 en 2024.<\/p>\n\n\n<div id='ggpkg_container_0_369' style='width:100%; height:800px; position: relative;'>\n<div style='width:100%; height:100%; overflow: hidden; position:relative; display:flex; justify-content:center; align-items:center;'>\n<img src='https:\/\/ahod360.ili.eu\/wp-content\/uploads\/2025\/04\/AtlanticArc\/preview.jpg' alt='' onclick='startPlayer_0_369();' style='min-width:100%; max-width: 10000px; min-height: 100%; max-height: 10000px; position: absolute;'>\n<img src='\/wp-content\/plugins\/garden-gnome-package\/include\/play.png' alt='' onclick='startPlayer_0_369();' style='width: 180px; height: 180px; z-index:10; display: block;'>\n<\/div>\n<\/div>\n<script type='text\/javascript' src='https:\/\/ahod360.ili.eu\/wp-content\/uploads\/2025\/04\/AtlanticArc\/pano2vr_player.js'><\/script>\n<script type='text\/javascript' src='https:\/\/ahod360.ili.eu\/wp-content\/uploads\/2025\/04\/AtlanticArc\/skin.js'><\/script>\n<script type='text\/javascript'>\nfunction startPlayer_0_369() {\nif  (typeof AtlanticArc_pano2vrPlayer != 'undefined') {\n\tpano_0_369=new AtlanticArc_pano2vrPlayer('ggpkg_container_0_369');\n} else {\n\tpano_0_369=new pano2vrPlayer('ggpkg_container_0_369');\n}\nif  (typeof AtlanticArc_pano2vrSkin != 'undefined') {\n\tskin_0_369=new AtlanticArc_pano2vrSkin(pano_0_369, 'https:\/\/ahod360.ili.eu\/wp-content\/uploads\/2025\/04\/AtlanticArc\/');\n} else {\n\tskin_0_369=new pano2vrSkin(pano_0_369, 'https:\/\/ahod360.ili.eu\/wp-content\/uploads\/2025\/04\/AtlanticArc\/');\n}\npano_0_369.readConfigUrlAsync('https:\/\/ahod360.ili.eu\/wp-content\/uploads\/2025\/04\/AtlanticArc\/pano.xml');\nvar contentOverflow = document.getElementById('content') ? document.getElementById('content').style.overflow : '';\npano_0_369.addListener('fullscreenenter', function() {\n\tif (document.getElementById('content')) {\n\t\tdocument.getElementById('content').style.overflow = 'visible';\n\t}\n});\npano_0_369.addListener('fullscreenexit', function() {\n\tif (document.getElementById('content')) {\n\t\tdocument.getElementById('content').style.overflow = contentOverflow;\n\t}\n});\n}\n<\/script>\n\n\n\n<div style=\"height:70px\" aria-hidden=\"true\" class=\"wp-block-spacer\"><\/div>\n\n\n\n<h2 class=\"wp-block-heading\">\ud83d\udcd2 Plus d\u00b4informations<\/h2>\n\n\n\n<p>Pour plus d&#8217;informations utiles sur le chantier naval, y compris la navigation, les objectifs d&#8217;apprentissage et le contenu, veuillez t\u00e9l\u00e9charger notre manuel d&#8217;utilisation.<\/p>\n\n\n\n<div class=\"wp-block-file\"><a id=\"wp-block-file--media-c5109f55-ab0d-4527-adc2-d0d55ec062f8\" href=\"https:\/\/ahod360.ili.eu\/wp-content\/uploads\/2025\/04\/AHOD-360-D4.18-Manuel-de-lutilisateur_FR.pdf\">AHOD 360 &#8211; D4.18 Manuel de l&#8217;utilisateur_FR<\/a><a href=\"https:\/\/ahod360.ili.eu\/wp-content\/uploads\/2025\/04\/AHOD-360-D4.18-Manuel-de-lutilisateur_FR.pdf\" class=\"wp-block-file__button wp-element-button\" download aria-describedby=\"wp-block-file--media-c5109f55-ab0d-4527-adc2-d0d55ec062f8\">T\u00e9l\u00e9charger<\/a><\/div>\n\n\n\n<div style=\"height:70px\" aria-hidden=\"true\" class=\"wp-block-spacer\"><\/div>\n\n\n\n<h2 class=\"wp-block-heading\">\ud83c\udfb2 Testez vos connaissances!<\/h2>\n\n\n\n<p>Avez-vous appr\u00e9ci\u00e9 la visite du chantier naval? Testez maintenant vos connaissances avec nos questions interactives!<\/p>\n\n\n<div class=\"rrze-elements accordion style_light\" id=\"accordion-0\">\n<div class=\"accordion-group #A1BDCF\">\n<h2 class=\"accordion-heading\"><button class=\"accordion-toggle\" data-toggle=\"collapse\"  href=\"#collapse_0\" aria-expanded=\"false\" aria-controls=\"collapse_0\" id=\"collapse_button_0\"> Dialog Cards <\/button><\/h2>\n<div id=\"collapse_0\" class=\"accordion-body\" aria-labelledby=\"collapse_button_0\">\n<div class=\"accordion-inner clearfix\">\n<div class=\"h5p-iframe-wrapper\"><iframe id=\"h5p-iframe-103\" class=\"h5p-iframe\" data-content-id=\"103\" style=\"height:1px\" src=\"about:blank\" frameBorder=\"0\" scrolling=\"no\" title=\"AHOD360 - Albaola_Atlantic Arc_Dialog Cards_French\"><\/iframe><\/div>\n<\/div>\n<\/div>\n<\/div>\n<p><\/p>\n<div class=\"accordion-group #A1BDCF\">\n<h2 class=\"accordion-heading\"><button class=\"accordion-toggle\" data-toggle=\"collapse\"  href=\"#collapse_1\" aria-expanded=\"false\" aria-controls=\"collapse_1\" id=\"collapse_button_1\"> Memory Game <\/button><\/h2>\n<div id=\"collapse_1\" class=\"accordion-body\" aria-labelledby=\"collapse_button_1\">\n<div class=\"accordion-inner clearfix\">\n<div class=\"h5p-content\" data-content-id=\"104\"><\/div>\n<\/div>\n<\/div>\n<\/div>\n<p><\/p>\n<div class=\"accordion-group #A1BDCF\">\n<h2 class=\"accordion-heading\"><button class=\"accordion-toggle\" data-toggle=\"collapse\"  href=\"#collapse_2\" aria-expanded=\"false\" aria-controls=\"collapse_2\" id=\"collapse_button_2\"> Multiple Choice <\/button><\/h2>\n<div id=\"collapse_2\" class=\"accordion-body\" aria-labelledby=\"collapse_button_2\">\n<div class=\"accordion-inner clearfix\">\n<div class=\"h5p-iframe-wrapper\"><iframe id=\"h5p-iframe-105\" class=\"h5p-iframe\" data-content-id=\"105\" style=\"height:1px\" src=\"about:blank\" frameBorder=\"0\" scrolling=\"no\" title=\"AHOD360 - Albaola_Atlantic Arc_Multiple Choice_French\"><\/iframe><\/div>\n<\/div>\n<\/div>\n<\/div>\n<p><\/p>\n<div class=\"accordion-group #A1BDCF\">\n<h2 class=\"accordion-heading\"><button class=\"accordion-toggle\" data-toggle=\"collapse\"  href=\"#collapse_3\" aria-expanded=\"false\" aria-controls=\"collapse_3\" id=\"collapse_button_3\"> True\/False <\/button><\/h2>\n<div id=\"collapse_3\" class=\"accordion-body\" aria-labelledby=\"collapse_button_3\">\n<div class=\"accordion-inner clearfix\">\n<div class=\"h5p-iframe-wrapper\"><iframe id=\"h5p-iframe-106\" class=\"h5p-iframe\" data-content-id=\"106\" style=\"height:1px\" src=\"about:blank\" frameBorder=\"0\" scrolling=\"no\" title=\"AHOD360 - Albaola_Atlantic Arc_True False Question_French\"><\/iframe><\/div>\n<\/div>\n<\/div>\n<\/div>\n<p><\/p>\n<div class=\"accordion-group #A1BDCF\">\n<h2 class=\"accordion-heading\"><button class=\"accordion-toggle\" data-toggle=\"collapse\"  href=\"#collapse_4\" aria-expanded=\"false\" aria-controls=\"collapse_4\" id=\"collapse_button_4\"> Find the Words <\/button><\/h2>\n<div id=\"collapse_4\" class=\"accordion-body\" aria-labelledby=\"collapse_button_4\">\n<div class=\"accordion-inner clearfix\">\n<div class=\"h5p-iframe-wrapper\"><iframe id=\"h5p-iframe-107\" class=\"h5p-iframe\" data-content-id=\"107\" style=\"height:1px\" src=\"about:blank\" frameBorder=\"0\" scrolling=\"no\" title=\"AHOD360 - Albaola_Atlantic Arc_Find the Words_French\"><\/iframe><\/div>\n<\/div>\n<\/div>\n<\/div>\n<p>\n<\/div>\n\n","protected":false},"excerpt":{"rendered":"<p>Visitez Albaola, un chantier naval et mus\u00e9e d\u00e9di\u00e9 \u00e0 la reconstruction de navires historiques basques. D\u00e9couvrez la culture maritime vibrante du Pays Basque et l&#8217;artisanat authentique pr\u00e9serv\u00e9 ici. Albaola Itsas Kultur Faktoria \u00e0 Pasaia, Gipuzkoa, Espagne, est un chantier naval et mus\u00e9e d\u00e9di\u00e9 \u00e0 la construction et \u00e0 la restauration de navires historiques en bois &#8230; <a title=\"Albaola (Arc Atlantique)\" class=\"read-more\" href=\"https:\/\/ahod360.ili.eu\/index.php\/fr\/albaola-arc-atlantique\/\" aria-label=\"Mehr Informationen \u00fcber Albaola (Arc Atlantique)\">Weiterlesen<\/a><\/p>\n","protected":false},"author":2,"featured_media":0,"parent":0,"menu_order":0,"comment_status":"closed","ping_status":"closed","template":"","meta":{"footnotes":""},"class_list":["post-369","page","type-page","status-publish"],"_links":{"self":[{"href":"https:\/\/ahod360.ili.eu\/index.php\/wp-json\/wp\/v2\/pages\/369","targetHints":{"allow":["GET"]}}],"collection":[{"href":"https:\/\/ahod360.ili.eu\/index.php\/wp-json\/wp\/v2\/pages"}],"about":[{"href":"https:\/\/ahod360.ili.eu\/index.php\/wp-json\/wp\/v2\/types\/page"}],"author":[{"embeddable":true,"href":"https:\/\/ahod360.ili.eu\/index.php\/wp-json\/wp\/v2\/users\/2"}],"replies":[{"embeddable":true,"href":"https:\/\/ahod360.ili.eu\/index.php\/wp-json\/wp\/v2\/comments?post=369"}],"version-history":[{"count":3,"href":"https:\/\/ahod360.ili.eu\/index.php\/wp-json\/wp\/v2\/pages\/369\/revisions"}],"predecessor-version":[{"id":435,"href":"https:\/\/ahod360.ili.eu\/index.php\/wp-json\/wp\/v2\/pages\/369\/revisions\/435"}],"wp:attachment":[{"href":"https:\/\/ahod360.ili.eu\/index.php\/wp-json\/wp\/v2\/media?parent=369"}],"curies":[{"name":"wp","href":"https:\/\/api.w.org\/{rel}","templated":true}]}}