{"id":351,"date":"2025-04-10T08:30:32","date_gmt":"2025-04-10T06:30:32","guid":{"rendered":"https:\/\/ahod360.ili.eu\/?page_id=351"},"modified":"2025-04-10T22:33:40","modified_gmt":"2025-04-10T20:33:40","slug":"astilleros-nereo-intermediterraneo-2","status":"publish","type":"page","link":"https:\/\/ahod360.ili.eu\/index.php\/it\/astilleros-nereo-intermediterraneo-2\/","title":{"rendered":"Astilleros Nereo (Intermediterraneo)"},"content":{"rendered":"\n<p>Immergetevi nel mondo degli Astilleros Nereo, uno dei pi\u00f9 antichi cantieri navali tradizionali sopravvissuti in Spagna. Scoprite l&#8217;arte della costruzione navale in legno e il restauro di navi storiche che preservano il patrimonio marittimo del Mediterraneo.<\/p>\n\n\n\n<p>Astilleros Nereo, situato nel quartiere storico di Pedregalejo a M\u00e1laga, Spagna, \u00e8 una delle pi\u00f9 antiche cantieri navali tradizionali del paese, attiva dal 1966. Il cantiere \u00e8 rinomato per la costruzione e il restauro di barche in legno, preservando l&#8217;antica arte della costruzione navale. Ha ottenuto riconoscimenti internazionali per il restauro meticoloso di navi storiche e la creazione di repliche di antiche imbarcazioni. Gestito dalla famiglia S\u00e1nchez-Guitard da oltre mezzo secolo, il cantiere svolge un ruolo cruciale nella comunit\u00e0 locale, sia economicamente che culturalmente.<\/p>\n\n\n<div id='ggpkg_container_0_351' style='width:100%; height:800px; position: relative;'>\n<div style='width:100%; height:100%; overflow: hidden; position:relative; display:flex; justify-content:center; align-items:center;'>\n<img src='https:\/\/ahod360.ili.eu\/wp-content\/uploads\/2025\/04\/AHOD360_Mediterranean_Sea\/preview.jpg' alt='' onclick='startPlayer_0_351();' style='min-width:100%; max-width: 10000px; min-height: 100%; max-height: 10000px; position: absolute;'>\n<img src='\/wp-content\/plugins\/garden-gnome-package\/include\/play.png' alt='' onclick='startPlayer_0_351();' style='width: 180px; height: 180px; z-index:10; display: block;'>\n<\/div>\n<\/div>\n<script type='text\/javascript' src='https:\/\/ahod360.ili.eu\/wp-content\/uploads\/2025\/04\/AHOD360_Mediterranean_Sea\/pano2vr_player.js'><\/script>\n<script type='text\/javascript' src='https:\/\/ahod360.ili.eu\/wp-content\/uploads\/2025\/04\/AHOD360_Mediterranean_Sea\/skin.js'><\/script>\n<script type='text\/javascript'>\nfunction startPlayer_0_351() {\nif  (typeof AHOD360_Mediterranean_Sea_pano2vrPlayer != 'undefined') {\n\tpano_0_351=new AHOD360_Mediterranean_Sea_pano2vrPlayer('ggpkg_container_0_351');\n} else {\n\tpano_0_351=new pano2vrPlayer('ggpkg_container_0_351');\n}\nif  (typeof AHOD360_Mediterranean_Sea_pano2vrSkin != 'undefined') {\n\tskin_0_351=new AHOD360_Mediterranean_Sea_pano2vrSkin(pano_0_351, 'https:\/\/ahod360.ili.eu\/wp-content\/uploads\/2025\/04\/AHOD360_Mediterranean_Sea\/');\n} else {\n\tskin_0_351=new pano2vrSkin(pano_0_351, 'https:\/\/ahod360.ili.eu\/wp-content\/uploads\/2025\/04\/AHOD360_Mediterranean_Sea\/');\n}\npano_0_351.readConfigUrlAsync('https:\/\/ahod360.ili.eu\/wp-content\/uploads\/2025\/04\/AHOD360_Mediterranean_Sea\/pano.xml');\nvar contentOverflow = document.getElementById('content') ? document.getElementById('content').style.overflow : '';\npano_0_351.addListener('fullscreenenter', function() {\n\tif (document.getElementById('content')) {\n\t\tdocument.getElementById('content').style.overflow = 'visible';\n\t}\n});\npano_0_351.addListener('fullscreenexit', function() {\n\tif (document.getElementById('content')) {\n\t\tdocument.getElementById('content').style.overflow = contentOverflow;\n\t}\n});\n}\n<\/script>\n\n\n\n<div style=\"height:70px\" aria-hidden=\"true\" class=\"wp-block-spacer\"><\/div>\n\n\n\n<h2 class=\"wp-block-heading\">\ud83d\udcd2 Ulteriori informazioni<\/h2>\n\n\n\n<p>Per ulteriori informazioni utili sul cantiere, inclusi navigazione, obiettivi di apprendimento e contenuti, scaricate il nostro manuale utente.<\/p>\n\n\n\n<div class=\"wp-block-file\"><a id=\"wp-block-file--media-5e0ade43-2ff8-4d51-b16f-a877327a5543\" href=\"https:\/\/ahod360.ili.eu\/wp-content\/uploads\/2025\/04\/AHOD-360-D4.18-Manuale-duso_IT.pdf\">AHOD 360 &#8211; D4.18 Manuale d&#8217;uso_IT<\/a><a href=\"https:\/\/ahod360.ili.eu\/wp-content\/uploads\/2025\/04\/AHOD-360-D4.18-Manuale-duso_IT.pdf\" class=\"wp-block-file__button wp-element-button\" download aria-describedby=\"wp-block-file--media-5e0ade43-2ff8-4d51-b16f-a877327a5543\">Download<\/a><\/div>\n\n\n\n<div style=\"height:70px\" aria-hidden=\"true\" class=\"wp-block-spacer\"><\/div>\n\n\n\n<h2 class=\"wp-block-heading\">\ud83c\udfb2 Mettete alla prova le vostre conoscenze!<\/h2>\n\n\n\n<p>Vi \u00e8 piaciuto il tour del cantiere? Ora mettete alla prova le vostre conoscenze con le nostre domande interattive!<\/p>\n\n\n<div class=\"rrze-elements accordion style_light\" id=\"accordion-0\">\n<div class=\"accordion-group #A1BDCF\">\n<h2 class=\"accordion-heading\"><button class=\"accordion-toggle\" data-toggle=\"collapse\"  href=\"#collapse_0\" aria-expanded=\"false\" aria-controls=\"collapse_0\" id=\"collapse_button_0\"> Dialog Cards <\/button><\/h2>\n<div id=\"collapse_0\" class=\"accordion-body\" aria-labelledby=\"collapse_button_0\">\n<div class=\"accordion-inner clearfix\">\n<div class=\"h5p-iframe-wrapper\"><iframe id=\"h5p-iframe-83\" class=\"h5p-iframe\" data-content-id=\"83\" style=\"height:1px\" src=\"about:blank\" frameBorder=\"0\" scrolling=\"no\" title=\"AHOD360 - Astilleros Nereo_Intermediterranean Sea_Dialogue Card_Italian\"><\/iframe><\/div>\n<\/div>\n<\/div>\n<\/div>\n<p><\/p>\n<div class=\"accordion-group #A1BDCF\">\n<h2 class=\"accordion-heading\"><button class=\"accordion-toggle\" data-toggle=\"collapse\"  href=\"#collapse_1\" aria-expanded=\"false\" aria-controls=\"collapse_1\" id=\"collapse_button_1\"> Drag the Words <\/button><\/h2>\n<div id=\"collapse_1\" class=\"accordion-body\" aria-labelledby=\"collapse_button_1\">\n<div class=\"accordion-inner clearfix\">\n<div class=\"h5p-iframe-wrapper\"><iframe id=\"h5p-iframe-84\" class=\"h5p-iframe\" data-content-id=\"84\" style=\"height:1px\" src=\"about:blank\" frameBorder=\"0\" scrolling=\"no\" title=\"AHOD360 - Astilleros Nereo_Intermediterranean Sea_Drag the Words_Italian\"><\/iframe><\/div>\n<\/div>\n<\/div>\n<\/div>\n<p><\/p>\n<div class=\"accordion-group #A1BDCF\">\n<h2 class=\"accordion-heading\"><button class=\"accordion-toggle\" data-toggle=\"collapse\"  href=\"#collapse_2\" aria-expanded=\"false\" aria-controls=\"collapse_2\" id=\"collapse_button_2\"> Multiple Choice <\/button><\/h2>\n<div id=\"collapse_2\" class=\"accordion-body\" aria-labelledby=\"collapse_button_2\">\n<div class=\"accordion-inner clearfix\">\n<div class=\"h5p-iframe-wrapper\"><iframe id=\"h5p-iframe-85\" class=\"h5p-iframe\" data-content-id=\"85\" style=\"height:1px\" src=\"about:blank\" frameBorder=\"0\" scrolling=\"no\" title=\"AHOD360 - Astilleros Nereo_Intermediterranean Sea_Multiple Choice_Italian\"><\/iframe><\/div>\n<\/div>\n<\/div>\n<\/div>\n<p><\/p>\n<div class=\"accordion-group #A1BDCF\">\n<h2 class=\"accordion-heading\"><button class=\"accordion-toggle\" data-toggle=\"collapse\"  href=\"#collapse_3\" aria-expanded=\"false\" aria-controls=\"collapse_3\" id=\"collapse_button_3\"> Find the Words <\/button><\/h2>\n<div id=\"collapse_3\" class=\"accordion-body\" aria-labelledby=\"collapse_button_3\">\n<div class=\"accordion-inner clearfix\">\n<div class=\"h5p-iframe-wrapper\"><iframe id=\"h5p-iframe-86\" class=\"h5p-iframe\" data-content-id=\"86\" style=\"height:1px\" src=\"about:blank\" frameBorder=\"0\" scrolling=\"no\" title=\"AHOD360 - Astilleros Nereo_Intermediterranean Sea_Find The Words_Italian\"><\/iframe><\/div>\n<\/div>\n<\/div>\n<\/div>\n<p><\/p>\n<div class=\"accordion-group #A1BDCF\">\n<h2 class=\"accordion-heading\"><button class=\"accordion-toggle\" data-toggle=\"collapse\"  href=\"#collapse_4\" aria-expanded=\"false\" aria-controls=\"collapse_4\" id=\"collapse_button_4\"> Drag & Drop <\/button><\/h2>\n<div id=\"collapse_4\" class=\"accordion-body\" aria-labelledby=\"collapse_button_4\">\n<div class=\"accordion-inner clearfix\">\n<div class=\"h5p-iframe-wrapper\"><iframe id=\"h5p-iframe-87\" class=\"h5p-iframe\" data-content-id=\"87\" style=\"height:1px\" src=\"about:blank\" frameBorder=\"0\" scrolling=\"no\" title=\"AHOD360 - Astilleros Nereo_Intermediterranean Sea_Drag and Drop_Italian\"><\/iframe><\/div>\n<\/div>\n<\/div>\n<\/div>\n<p>\n<\/div>\n\n","protected":false},"excerpt":{"rendered":"<p>Immergetevi nel mondo degli Astilleros Nereo, uno dei pi\u00f9 antichi cantieri navali tradizionali sopravvissuti in Spagna. Scoprite l&#8217;arte della costruzione navale in legno e il restauro di navi storiche che preservano il patrimonio marittimo del Mediterraneo. Astilleros Nereo, situato nel quartiere storico di Pedregalejo a M\u00e1laga, Spagna, \u00e8 una delle pi\u00f9 antiche cantieri navali tradizionali &#8230; <a title=\"Astilleros Nereo (Intermediterraneo)\" class=\"read-more\" href=\"https:\/\/ahod360.ili.eu\/index.php\/it\/astilleros-nereo-intermediterraneo-2\/\" aria-label=\"Mehr Informationen \u00fcber Astilleros Nereo (Intermediterraneo)\">Weiterlesen<\/a><\/p>\n","protected":false},"author":2,"featured_media":0,"parent":0,"menu_order":0,"comment_status":"closed","ping_status":"closed","template":"","meta":{"footnotes":""},"class_list":["post-351","page","type-page","status-publish"],"_links":{"self":[{"href":"https:\/\/ahod360.ili.eu\/index.php\/wp-json\/wp\/v2\/pages\/351","targetHints":{"allow":["GET"]}}],"collection":[{"href":"https:\/\/ahod360.ili.eu\/index.php\/wp-json\/wp\/v2\/pages"}],"about":[{"href":"https:\/\/ahod360.ili.eu\/index.php\/wp-json\/wp\/v2\/types\/page"}],"author":[{"embeddable":true,"href":"https:\/\/ahod360.ili.eu\/index.php\/wp-json\/wp\/v2\/users\/2"}],"replies":[{"embeddable":true,"href":"https:\/\/ahod360.ili.eu\/index.php\/wp-json\/wp\/v2\/comments?post=351"}],"version-history":[{"count":3,"href":"https:\/\/ahod360.ili.eu\/index.php\/wp-json\/wp\/v2\/pages\/351\/revisions"}],"predecessor-version":[{"id":430,"href":"https:\/\/ahod360.ili.eu\/index.php\/wp-json\/wp\/v2\/pages\/351\/revisions\/430"}],"wp:attachment":[{"href":"https:\/\/ahod360.ili.eu\/index.php\/wp-json\/wp\/v2\/media?parent=351"}],"curies":[{"name":"wp","href":"https:\/\/api.w.org\/{rel}","templated":true}]}}