{"id":348,"date":"2025-04-10T08:19:53","date_gmt":"2025-04-10T06:19:53","guid":{"rendered":"https:\/\/ahod360.ili.eu\/?page_id=348"},"modified":"2025-04-10T15:34:31","modified_gmt":"2025-04-10T13:34:31","slug":"astilleros-nereo-intermediterranean","status":"publish","type":"page","link":"https:\/\/ahod360.ili.eu\/index.php\/de\/astilleros-nereo-intermediterranean\/","title":{"rendered":"Astilleros Nereo (Intermediterranean)"},"content":{"rendered":"\n<p>Tauchen Sie ein in die Welt der Astilleros Nereo, einer der \u00e4ltesten traditionellen Werften Spaniens. Entdecken Sie die Kunst des Holzschiffbaus und die Restaurierung historischer Schiffe, die das maritime Erbe des Mittelmeers bewahren.<\/p>\n\n\n\n<p>Astilleros Nereo, gelegen im historischen Stadtteil Pedregalejo in M\u00e1laga, Spanien, ist seit 1966 eine der \u00e4ltesten traditionellen Werften des Landes. Die Werft ist bekannt f\u00fcr den Bau und die Restaurierung von Holzbooten und bewahrt jahrhundertealte maritime Handwerkskunst. Sie hat internationale Anerkennung f\u00fcr die sorgf\u00e4ltige Restaurierung historischer Schiffe und die Erstellung von Replikaten alter Schiffe erlangt. Die Werft wird seit \u00fcber einem halben Jahrhundert von der Familie S\u00e1nchez-Guitard gef\u00fchrt und spielt eine wichtige Rolle in der lokalen Gemeinschaft, sowohl wirtschaftlich als auch kulturell.<\/p>\n\n\n<div id='ggpkg_container_0_348' style='width:100%; height:800px; position: relative;'>\n<div style='width:100%; height:100%; overflow: hidden; position:relative; display:flex; justify-content:center; align-items:center;'>\n<img src='https:\/\/ahod360.ili.eu\/wp-content\/uploads\/2025\/04\/AHOD360_Mediterranean_Sea\/preview.jpg' alt='' onclick='startPlayer_0_348();' style='min-width:100%; max-width: 10000px; min-height: 100%; max-height: 10000px; position: absolute;'>\n<img src='\/wp-content\/plugins\/garden-gnome-package\/include\/play.png' alt='' onclick='startPlayer_0_348();' style='width: 180px; height: 180px; z-index:10; display: block;'>\n<\/div>\n<\/div>\n<script type='text\/javascript' src='https:\/\/ahod360.ili.eu\/wp-content\/uploads\/2025\/04\/AHOD360_Mediterranean_Sea\/pano2vr_player.js'><\/script>\n<script type='text\/javascript' src='https:\/\/ahod360.ili.eu\/wp-content\/uploads\/2025\/04\/AHOD360_Mediterranean_Sea\/skin.js'><\/script>\n<script type='text\/javascript'>\nfunction startPlayer_0_348() {\nif  (typeof AHOD360_Mediterranean_Sea_pano2vrPlayer != 'undefined') {\n\tpano_0_348=new AHOD360_Mediterranean_Sea_pano2vrPlayer('ggpkg_container_0_348');\n} else {\n\tpano_0_348=new pano2vrPlayer('ggpkg_container_0_348');\n}\nif  (typeof AHOD360_Mediterranean_Sea_pano2vrSkin != 'undefined') {\n\tskin_0_348=new AHOD360_Mediterranean_Sea_pano2vrSkin(pano_0_348, 'https:\/\/ahod360.ili.eu\/wp-content\/uploads\/2025\/04\/AHOD360_Mediterranean_Sea\/');\n} else {\n\tskin_0_348=new pano2vrSkin(pano_0_348, 'https:\/\/ahod360.ili.eu\/wp-content\/uploads\/2025\/04\/AHOD360_Mediterranean_Sea\/');\n}\npano_0_348.readConfigUrlAsync('https:\/\/ahod360.ili.eu\/wp-content\/uploads\/2025\/04\/AHOD360_Mediterranean_Sea\/pano.xml');\nvar contentOverflow = document.getElementById('content') ? document.getElementById('content').style.overflow : '';\npano_0_348.addListener('fullscreenenter', function() {\n\tif (document.getElementById('content')) {\n\t\tdocument.getElementById('content').style.overflow = 'visible';\n\t}\n});\npano_0_348.addListener('fullscreenexit', function() {\n\tif (document.getElementById('content')) {\n\t\tdocument.getElementById('content').style.overflow = contentOverflow;\n\t}\n});\n}\n<\/script>\n\n\n\n<div style=\"height:70px\" aria-hidden=\"true\" class=\"wp-block-spacer\"><\/div>\n\n\n\n<h2 class=\"wp-block-heading\">\ud83d\udcd2 Weitere Informationen<\/h2>\n\n\n\n<p>F\u00fcr weitere n\u00fctzliche Informationen zur Werft, einschlie\u00dflich Navigation, Lernzielen und Inhalten, laden Sie bitte unser Benutzerhandbuch herunter.<\/p>\n\n\n\n<div class=\"wp-block-file\"><a id=\"wp-block-file--media-73464a18-a410-4d8a-a627-19cd5cb1d995\" href=\"https:\/\/ahod360.ili.eu\/wp-content\/uploads\/2025\/04\/AHOD-360-D4.18-Benutzerhandbuch_DE-1.pdf\">AHOD 360 &#8211; D4.18 Benutzerhandbuch_DE<\/a><a href=\"https:\/\/ahod360.ili.eu\/wp-content\/uploads\/2025\/04\/AHOD-360-D4.18-Benutzerhandbuch_DE-1.pdf\" class=\"wp-block-file__button wp-element-button\" download aria-describedby=\"wp-block-file--media-73464a18-a410-4d8a-a627-19cd5cb1d995\">Herunterladen<\/a><\/div>\n\n\n\n<div style=\"height:70px\" aria-hidden=\"true\" class=\"wp-block-spacer\"><\/div>\n\n\n\n<h2 class=\"wp-block-heading\">\ud83c\udfb2 Testen Sie Ihr Wissen!<\/h2>\n\n\n\n<p>Hat Ihnen der Rundgang durch die Werft Spa\u00df gemacht? Testen Sie nun Ihr Wissen mit unseren interaktiven Fragen!<\/p>\n\n\n<div class=\"rrze-elements accordion style_light\" id=\"accordion-0\">\n<div class=\"accordion-group #A1BDCF\">\n<h2 class=\"accordion-heading\"><button class=\"accordion-toggle\" data-toggle=\"collapse\"  href=\"#collapse_0\" aria-expanded=\"false\" aria-controls=\"collapse_0\" id=\"collapse_button_0\"> Dialog Cards <\/button><\/h2>\n<div id=\"collapse_0\" class=\"accordion-body\" aria-labelledby=\"collapse_button_0\">\n<div class=\"accordion-inner clearfix\">\n<div class=\"h5p-iframe-wrapper\"><iframe id=\"h5p-iframe-78\" class=\"h5p-iframe\" data-content-id=\"78\" style=\"height:1px\" src=\"about:blank\" frameBorder=\"0\" scrolling=\"no\" title=\"AHOD360 - Astilleros Nereo_Intermediterranean Sea_Dialogue Card_German\"><\/iframe><\/div>\n<\/div>\n<\/div>\n<\/div>\n<p><\/p>\n<div class=\"accordion-group #A1BDCF\">\n<h2 class=\"accordion-heading\"><button class=\"accordion-toggle\" data-toggle=\"collapse\"  href=\"#collapse_1\" aria-expanded=\"false\" aria-controls=\"collapse_1\" id=\"collapse_button_1\"> Drag the Words <\/button><\/h2>\n<div id=\"collapse_1\" class=\"accordion-body\" aria-labelledby=\"collapse_button_1\">\n<div class=\"accordion-inner clearfix\">\n<div class=\"h5p-iframe-wrapper\"><iframe id=\"h5p-iframe-79\" class=\"h5p-iframe\" data-content-id=\"79\" style=\"height:1px\" src=\"about:blank\" frameBorder=\"0\" scrolling=\"no\" title=\"AHOD360 - Astilleros Nereo_Intermediterranean Sea_Drag the Words_German\"><\/iframe><\/div>\n<\/div>\n<\/div>\n<\/div>\n<p><\/p>\n<div class=\"accordion-group #A1BDCF\">\n<h2 class=\"accordion-heading\"><button class=\"accordion-toggle\" data-toggle=\"collapse\"  href=\"#collapse_2\" aria-expanded=\"false\" aria-controls=\"collapse_2\" id=\"collapse_button_2\"> Multiple Choice <\/button><\/h2>\n<div id=\"collapse_2\" class=\"accordion-body\" aria-labelledby=\"collapse_button_2\">\n<div class=\"accordion-inner clearfix\">\n<div class=\"h5p-iframe-wrapper\"><iframe id=\"h5p-iframe-80\" class=\"h5p-iframe\" data-content-id=\"80\" style=\"height:1px\" src=\"about:blank\" frameBorder=\"0\" scrolling=\"no\" title=\"AHOD360 - Astilleros Nereo_Intermediterranean Sea_Multiple Choice_German\"><\/iframe><\/div>\n<\/div>\n<\/div>\n<\/div>\n<p><\/p>\n<div class=\"accordion-group #A1BDCF\">\n<h2 class=\"accordion-heading\"><button class=\"accordion-toggle\" data-toggle=\"collapse\"  href=\"#collapse_3\" aria-expanded=\"false\" aria-controls=\"collapse_3\" id=\"collapse_button_3\"> Find the Words <\/button><\/h2>\n<div id=\"collapse_3\" class=\"accordion-body\" aria-labelledby=\"collapse_button_3\">\n<div class=\"accordion-inner clearfix\">\n<div class=\"h5p-iframe-wrapper\"><iframe id=\"h5p-iframe-81\" class=\"h5p-iframe\" data-content-id=\"81\" style=\"height:1px\" src=\"about:blank\" frameBorder=\"0\" scrolling=\"no\" title=\"AHOD360 - Astilleros Nereo_Intermediterranean Sea_Find The Words_German\"><\/iframe><\/div>\n<\/div>\n<\/div>\n<\/div>\n<p><\/p>\n<div class=\"accordion-group #A1BDCF\">\n<h2 class=\"accordion-heading\"><button class=\"accordion-toggle\" data-toggle=\"collapse\"  href=\"#collapse_4\" aria-expanded=\"false\" aria-controls=\"collapse_4\" id=\"collapse_button_4\"> Drag & Drop <\/button><\/h2>\n<div id=\"collapse_4\" class=\"accordion-body\" aria-labelledby=\"collapse_button_4\">\n<div class=\"accordion-inner clearfix\">\n<div class=\"h5p-iframe-wrapper\"><iframe id=\"h5p-iframe-82\" class=\"h5p-iframe\" data-content-id=\"82\" style=\"height:1px\" src=\"about:blank\" frameBorder=\"0\" scrolling=\"no\" title=\"AHOD360 - Astilleros Nereo_Intermediterranean Sea_Drag and Drop_German\"><\/iframe><\/div>\n<\/div>\n<\/div>\n<\/div>\n<p>\n<\/div>\n\n","protected":false},"excerpt":{"rendered":"<p>Tauchen Sie ein in die Welt der Astilleros Nereo, einer der \u00e4ltesten traditionellen Werften Spaniens. Entdecken Sie die Kunst des Holzschiffbaus und die Restaurierung historischer Schiffe, die das maritime Erbe des Mittelmeers bewahren. Astilleros Nereo, gelegen im historischen Stadtteil Pedregalejo in M\u00e1laga, Spanien, ist seit 1966 eine der \u00e4ltesten traditionellen Werften des Landes. Die Werft &#8230; <a title=\"Astilleros Nereo (Intermediterranean)\" class=\"read-more\" href=\"https:\/\/ahod360.ili.eu\/index.php\/de\/astilleros-nereo-intermediterranean\/\" aria-label=\"Mehr Informationen \u00fcber Astilleros Nereo (Intermediterranean)\">Weiterlesen<\/a><\/p>\n","protected":false},"author":2,"featured_media":0,"parent":0,"menu_order":0,"comment_status":"closed","ping_status":"closed","template":"","meta":{"footnotes":""},"class_list":["post-348","page","type-page","status-publish"],"_links":{"self":[{"href":"https:\/\/ahod360.ili.eu\/index.php\/wp-json\/wp\/v2\/pages\/348","targetHints":{"allow":["GET"]}}],"collection":[{"href":"https:\/\/ahod360.ili.eu\/index.php\/wp-json\/wp\/v2\/pages"}],"about":[{"href":"https:\/\/ahod360.ili.eu\/index.php\/wp-json\/wp\/v2\/types\/page"}],"author":[{"embeddable":true,"href":"https:\/\/ahod360.ili.eu\/index.php\/wp-json\/wp\/v2\/users\/2"}],"replies":[{"embeddable":true,"href":"https:\/\/ahod360.ili.eu\/index.php\/wp-json\/wp\/v2\/comments?post=348"}],"version-history":[{"count":2,"href":"https:\/\/ahod360.ili.eu\/index.php\/wp-json\/wp\/v2\/pages\/348\/revisions"}],"predecessor-version":[{"id":382,"href":"https:\/\/ahod360.ili.eu\/index.php\/wp-json\/wp\/v2\/pages\/348\/revisions\/382"}],"wp:attachment":[{"href":"https:\/\/ahod360.ili.eu\/index.php\/wp-json\/wp\/v2\/media?parent=348"}],"curies":[{"name":"wp","href":"https:\/\/api.w.org\/{rel}","templated":true}]}}