{"id":344,"date":"2025-04-09T23:10:55","date_gmt":"2025-04-09T21:10:55","guid":{"rendered":"https:\/\/ahod360.ili.eu\/?page_id=344"},"modified":"2025-04-10T22:32:11","modified_gmt":"2025-04-10T20:32:11","slug":"cintura-islas","status":"publish","type":"page","link":"https:\/\/ahod360.ili.eu\/index.php\/es\/cintura-islas\/","title":{"rendered":"Cintura (Islas)"},"content":{"rendered":"\n<p>Bienvenidos al astillero Cintura en Sicilia, donde se han construido y restaurado barcos de madera tradicionales durante generaciones. Descubre la rica historia y los m\u00e9todos de construcci\u00f3n innovadores que hacen \u00fanico a este astillero.<\/p>\n\n\n\n<p>Cintura Shipyard, ubicado en el \u00e1rea hist\u00f3rica de Trapani, Sicilia, desde 1867, es un astillero hist\u00f3rico que se enfoca en barcos de madera tradicionales. Fundado por la familia Martines, renombrados maestros constructores de barcos de Trapani, el astillero ha mantenido sus ra\u00edces artesanales mientras incorpora t\u00e9cnicas modernas. El astillero es conocido por la restauraci\u00f3n y el mantenimiento de barcos de madera y la transmisi\u00f3n de conocimientos tradicionales de construcci\u00f3n naval a lo largo de seis generaciones. Juega un papel importante en la econom\u00eda y la comunidad local y es un hito cultural de Trapani.<\/p>\n\n\n<div id='ggpkg_container_0_344' style='width:100%; height:800px; position: relative;'>\n<div style='width:100%; height:100%; overflow: hidden; position:relative; display:flex; justify-content:center; align-items:center;'>\n<img src='https:\/\/ahod360.ili.eu\/wp-content\/uploads\/2025\/04\/Islands\/preview.jpg' alt='' onclick='startPlayer_0_344();' style='min-width:100%; max-width: 10000px; min-height: 100%; max-height: 10000px; position: absolute;'>\n<img src='\/wp-content\/plugins\/garden-gnome-package\/include\/play.png' alt='' onclick='startPlayer_0_344();' style='width: 180px; height: 180px; z-index:10; display: block;'>\n<\/div>\n<\/div>\n<script type='text\/javascript' src='https:\/\/ahod360.ili.eu\/wp-content\/uploads\/2025\/04\/Islands\/pano2vr_player.js'><\/script>\n<script type='text\/javascript' src='https:\/\/ahod360.ili.eu\/wp-content\/uploads\/2025\/04\/Islands\/skin.js'><\/script>\n<script type='text\/javascript'>\nfunction startPlayer_0_344() {\nif  (typeof Islands_pano2vrPlayer != 'undefined') {\n\tpano_0_344=new Islands_pano2vrPlayer('ggpkg_container_0_344');\n} else {\n\tpano_0_344=new pano2vrPlayer('ggpkg_container_0_344');\n}\nif  (typeof Islands_pano2vrSkin != 'undefined') {\n\tskin_0_344=new Islands_pano2vrSkin(pano_0_344, 'https:\/\/ahod360.ili.eu\/wp-content\/uploads\/2025\/04\/Islands\/');\n} else {\n\tskin_0_344=new pano2vrSkin(pano_0_344, 'https:\/\/ahod360.ili.eu\/wp-content\/uploads\/2025\/04\/Islands\/');\n}\npano_0_344.readConfigUrlAsync('https:\/\/ahod360.ili.eu\/wp-content\/uploads\/2025\/04\/Islands\/pano.xml');\nvar contentOverflow = document.getElementById('content') ? document.getElementById('content').style.overflow : '';\npano_0_344.addListener('fullscreenenter', function() {\n\tif (document.getElementById('content')) {\n\t\tdocument.getElementById('content').style.overflow = 'visible';\n\t}\n});\npano_0_344.addListener('fullscreenexit', function() {\n\tif (document.getElementById('content')) {\n\t\tdocument.getElementById('content').style.overflow = contentOverflow;\n\t}\n});\n}\n<\/script>\n\n\n\n<div style=\"height:70px\" aria-hidden=\"true\" class=\"wp-block-spacer\"><\/div>\n\n\n\n<h2 class=\"wp-block-heading\">\ud83d\udcd2 M\u00e1s Informaci\u00f3n<\/h2>\n\n\n\n<p>Para obtener m\u00e1s informaci\u00f3n \u00fatil sobre el astillero, incluida la navegaci\u00f3n, los objetivos de aprendizaje y el contenido, descargue nuestro manual de usuario.<\/p>\n\n\n\n<div class=\"wp-block-file\"><a id=\"wp-block-file--media-c690a2ef-12d7-4b39-8217-3c30317dc8a9\" href=\"https:\/\/ahod360.ili.eu\/wp-content\/uploads\/2025\/04\/AHOD-360-D4.18-Manual-del-usuario_ES.pdf\">AHOD 360 &#8211; D4.18 Manual del usuario_ES<\/a><a href=\"https:\/\/ahod360.ili.eu\/wp-content\/uploads\/2025\/04\/AHOD-360-D4.18-Manual-del-usuario_ES.pdf\" class=\"wp-block-file__button wp-element-button\" download aria-describedby=\"wp-block-file--media-c690a2ef-12d7-4b39-8217-3c30317dc8a9\">Descargar<\/a><\/div>\n\n\n\n<div style=\"height:70px\" aria-hidden=\"true\" class=\"wp-block-spacer\"><\/div>\n\n\n\n<h2 class=\"wp-block-heading\">\ud83c\udfb2 Ponga a prueba sus conocimientos!<\/h2>\n\n\n\n<p>\u00bfDisfrutaste del recorrido por el astillero? \u00a1Ahora pon a prueba tus conocimientos con nuestras preguntas interactivas!<\/p>\n\n\n<div class=\"rrze-elements accordion style_light\" id=\"accordion-0\">\n<div class=\"accordion-group #A1BDCF\">\n<h2 class=\"accordion-heading\"><button class=\"accordion-toggle\" data-toggle=\"collapse\"  href=\"#collapse_0\" aria-expanded=\"false\" aria-controls=\"collapse_0\" id=\"collapse_button_0\"> Dialog Cards <\/button><\/h2>\n<div id=\"collapse_0\" class=\"accordion-body\" aria-labelledby=\"collapse_button_0\">\n<div class=\"accordion-inner clearfix\">\n<div class=\"h5p-iframe-wrapper\"><iframe id=\"h5p-iframe-73\" class=\"h5p-iframe\" data-content-id=\"73\" style=\"height:1px\" src=\"about:blank\" frameBorder=\"0\" scrolling=\"no\" title=\"AHOD360 - Cintura_Islands_Dialog Cards_Spanish\"><\/iframe><\/div>\n<\/div>\n<\/div>\n<\/div>\n<p><\/p>\n<div class=\"accordion-group #A1BDCF\">\n<h2 class=\"accordion-heading\"><button class=\"accordion-toggle\" data-toggle=\"collapse\"  href=\"#collapse_1\" aria-expanded=\"false\" aria-controls=\"collapse_1\" id=\"collapse_button_1\"> Drag the Words <\/button><\/h2>\n<div id=\"collapse_1\" class=\"accordion-body\" aria-labelledby=\"collapse_button_1\">\n<div class=\"accordion-inner clearfix\">\n<div class=\"h5p-iframe-wrapper\"><iframe id=\"h5p-iframe-74\" class=\"h5p-iframe\" data-content-id=\"74\" style=\"height:1px\" src=\"about:blank\" frameBorder=\"0\" scrolling=\"no\" title=\"AHOD360 - Cintura_Islands_Drag the Words_Spanish\"><\/iframe><\/div>\n<\/div>\n<\/div>\n<\/div>\n<p><\/p>\n<div class=\"accordion-group #A1BDCF\">\n<h2 class=\"accordion-heading\"><button class=\"accordion-toggle\" data-toggle=\"collapse\"  href=\"#collapse_2\" aria-expanded=\"false\" aria-controls=\"collapse_2\" id=\"collapse_button_2\"> Multiple Choice <\/button><\/h2>\n<div id=\"collapse_2\" class=\"accordion-body\" aria-labelledby=\"collapse_button_2\">\n<div class=\"accordion-inner clearfix\">\n<div class=\"h5p-iframe-wrapper\"><iframe id=\"h5p-iframe-75\" class=\"h5p-iframe\" data-content-id=\"75\" style=\"height:1px\" src=\"about:blank\" frameBorder=\"0\" scrolling=\"no\" title=\"AHOD360 - Cintura_Islands_Multiple Choice_Spanish\"><\/iframe><\/div>\n<\/div>\n<\/div>\n<\/div>\n<p><\/p>\n<div class=\"accordion-group #A1BDCF\">\n<h2 class=\"accordion-heading\"><button class=\"accordion-toggle\" data-toggle=\"collapse\"  href=\"#collapse_3\" aria-expanded=\"false\" aria-controls=\"collapse_3\" id=\"collapse_button_3\"> True\/False <\/button><\/h2>\n<div id=\"collapse_3\" class=\"accordion-body\" aria-labelledby=\"collapse_button_3\">\n<div class=\"accordion-inner clearfix\">\n<div class=\"h5p-iframe-wrapper\"><iframe id=\"h5p-iframe-76\" class=\"h5p-iframe\" data-content-id=\"76\" style=\"height:1px\" src=\"about:blank\" frameBorder=\"0\" scrolling=\"no\" title=\"AHOD360 - Cintura_Islands_True False Question_Spanish\"><\/iframe><\/div>\n<\/div>\n<\/div>\n<\/div>\n<p><\/p>\n<div class=\"accordion-group #A1BDCF\">\n<h2 class=\"accordion-heading\"><button class=\"accordion-toggle\" data-toggle=\"collapse\"  href=\"#collapse_4\" aria-expanded=\"false\" aria-controls=\"collapse_4\" id=\"collapse_button_4\"> Find the Words <\/button><\/h2>\n<div id=\"collapse_4\" class=\"accordion-body\" aria-labelledby=\"collapse_button_4\">\n<div class=\"accordion-inner clearfix\">\n<div class=\"h5p-iframe-wrapper\"><iframe id=\"h5p-iframe-77\" class=\"h5p-iframe\" data-content-id=\"77\" style=\"height:1px\" src=\"about:blank\" frameBorder=\"0\" scrolling=\"no\" title=\"AHOD360 - Cintura_Islands_Find The Words_Spanish\"><\/iframe><\/div>\n<\/div>\n<\/div>\n<\/div>\n<p>\n<\/div>\n\n","protected":false},"excerpt":{"rendered":"<p>Bienvenidos al astillero Cintura en Sicilia, donde se han construido y restaurado barcos de madera tradicionales durante generaciones. Descubre la rica historia y los m\u00e9todos de construcci\u00f3n innovadores que hacen \u00fanico a este astillero. Cintura Shipyard, ubicado en el \u00e1rea hist\u00f3rica de Trapani, Sicilia, desde 1867, es un astillero hist\u00f3rico que se enfoca en barcos &#8230; <a title=\"Cintura (Islas)\" class=\"read-more\" href=\"https:\/\/ahod360.ili.eu\/index.php\/es\/cintura-islas\/\" aria-label=\"Mehr Informationen \u00fcber Cintura (Islas)\">Weiterlesen<\/a><\/p>\n","protected":false},"author":2,"featured_media":0,"parent":0,"menu_order":0,"comment_status":"closed","ping_status":"closed","template":"","meta":{"footnotes":""},"class_list":["post-344","page","type-page","status-publish"],"_links":{"self":[{"href":"https:\/\/ahod360.ili.eu\/index.php\/wp-json\/wp\/v2\/pages\/344","targetHints":{"allow":["GET"]}}],"collection":[{"href":"https:\/\/ahod360.ili.eu\/index.php\/wp-json\/wp\/v2\/pages"}],"about":[{"href":"https:\/\/ahod360.ili.eu\/index.php\/wp-json\/wp\/v2\/types\/page"}],"author":[{"embeddable":true,"href":"https:\/\/ahod360.ili.eu\/index.php\/wp-json\/wp\/v2\/users\/2"}],"replies":[{"embeddable":true,"href":"https:\/\/ahod360.ili.eu\/index.php\/wp-json\/wp\/v2\/comments?post=344"}],"version-history":[{"count":4,"href":"https:\/\/ahod360.ili.eu\/index.php\/wp-json\/wp\/v2\/pages\/344\/revisions"}],"predecessor-version":[{"id":426,"href":"https:\/\/ahod360.ili.eu\/index.php\/wp-json\/wp\/v2\/pages\/344\/revisions\/426"}],"wp:attachment":[{"href":"https:\/\/ahod360.ili.eu\/index.php\/wp-json\/wp\/v2\/media?parent=344"}],"curies":[{"name":"wp","href":"https:\/\/api.w.org\/{rel}","templated":true}]}}