{"id":335,"date":"2025-04-09T22:39:03","date_gmt":"2025-04-09T20:39:03","guid":{"rendered":"https:\/\/ahod360.ili.eu\/?page_id=335"},"modified":"2025-04-23T17:16:39","modified_gmt":"2025-04-23T15:16:39","slug":"albaola-arco-atlantico","status":"publish","type":"page","link":"https:\/\/ahod360.ili.eu\/index.php\/es\/albaola-arco-atlantico\/","title":{"rendered":"Albaola (Arco Atl\u00e1ntico)"},"content":{"rendered":"\n<p>Visita Albaola, un astillero y museo dedicado a la reconstrucci\u00f3n de barcos hist\u00f3ricos vascos. Experimenta la vibrante cultura mar\u00edtima del Pa\u00eds Vasco y la artesan\u00eda aut\u00e9ntica que se preserva aqu\u00ed.<\/p>\n\n\n\n<p>Albaola Itsas Kultur Faktoria en Pasaia, Gipuzkoa, Espa\u00f1a, es un astillero-museo dedicado a la construcci\u00f3n y restauraci\u00f3n de embarcaciones hist\u00f3ricas de madera utilizando t\u00e9cnicas artesanales tradicionales. Fundada en 1998 por Xabier Agote, Albaola promueve la cultura mar\u00edtima vasca. Un proyecto destacado es la reconstrucci\u00f3n del gale\u00f3n ballenero vasco San Juan del siglo XVI. Albaola tambi\u00e9n ofrece programas de formaci\u00f3n para transmitir los conocimientos tradicionales de construcci\u00f3n naval a las futuras generaciones. La instituci\u00f3n tiene un impacto econ\u00f3mico y cultural significativo en la regi\u00f3n y fue premiada por su sostenibilidad en 2024.<\/p>\n\n\n<div id='ggpkg_container_0_335' style='width:100%; height:800px; position: relative;'>\n<div style='width:100%; height:100%; overflow: hidden; position:relative; display:flex; justify-content:center; align-items:center;'>\n<img src='https:\/\/ahod360.ili.eu\/wp-content\/uploads\/2025\/04\/AtlanticArc\/preview.jpg' alt='' onclick='startPlayer_0_335();' style='min-width:100%; max-width: 10000px; min-height: 100%; max-height: 10000px; position: absolute;'>\n<img src='\/wp-content\/plugins\/garden-gnome-package\/include\/play.png' alt='' onclick='startPlayer_0_335();' style='width: 180px; height: 180px; z-index:10; display: block;'>\n<\/div>\n<\/div>\n<script type='text\/javascript' src='https:\/\/ahod360.ili.eu\/wp-content\/uploads\/2025\/04\/AtlanticArc\/pano2vr_player.js'><\/script>\n<script type='text\/javascript' src='https:\/\/ahod360.ili.eu\/wp-content\/uploads\/2025\/04\/AtlanticArc\/skin.js'><\/script>\n<script type='text\/javascript'>\nfunction startPlayer_0_335() {\nif  (typeof AtlanticArc_pano2vrPlayer != 'undefined') {\n\tpano_0_335=new AtlanticArc_pano2vrPlayer('ggpkg_container_0_335');\n} else {\n\tpano_0_335=new pano2vrPlayer('ggpkg_container_0_335');\n}\nif  (typeof AtlanticArc_pano2vrSkin != 'undefined') {\n\tskin_0_335=new AtlanticArc_pano2vrSkin(pano_0_335, 'https:\/\/ahod360.ili.eu\/wp-content\/uploads\/2025\/04\/AtlanticArc\/');\n} else {\n\tskin_0_335=new pano2vrSkin(pano_0_335, 'https:\/\/ahod360.ili.eu\/wp-content\/uploads\/2025\/04\/AtlanticArc\/');\n}\npano_0_335.readConfigUrlAsync('https:\/\/ahod360.ili.eu\/wp-content\/uploads\/2025\/04\/AtlanticArc\/pano.xml');\nvar contentOverflow = document.getElementById('content') ? document.getElementById('content').style.overflow : '';\npano_0_335.addListener('fullscreenenter', function() {\n\tif (document.getElementById('content')) {\n\t\tdocument.getElementById('content').style.overflow = 'visible';\n\t}\n});\npano_0_335.addListener('fullscreenexit', function() {\n\tif (document.getElementById('content')) {\n\t\tdocument.getElementById('content').style.overflow = contentOverflow;\n\t}\n});\n}\n<\/script>\n\n\n\n<div style=\"height:70px\" aria-hidden=\"true\" class=\"wp-block-spacer\"><\/div>\n\n\n\n<h2 class=\"wp-block-heading\">\ud83d\udcd2 M\u00e1s Informaci\u00f3n<\/h2>\n\n\n\n<p>Para obtener m\u00e1s informaci\u00f3n \u00fatil sobre el astillero, incluida la navegaci\u00f3n, los objetivos de aprendizaje y el contenido, descargue nuestro manual de usuario.<\/p>\n\n\n\n<div class=\"wp-block-file\"><a id=\"wp-block-file--media-c690a2ef-12d7-4b39-8217-3c30317dc8a9\" href=\"https:\/\/ahod360.ili.eu\/wp-content\/uploads\/2025\/04\/AHOD-360-D4.18-Manual-del-usuario_ES.pdf\">AHOD 360 &#8211; D4.18 Manual del usuario_ES<\/a><a href=\"https:\/\/ahod360.ili.eu\/wp-content\/uploads\/2025\/04\/AHOD-360-D4.18-Manual-del-usuario_ES.pdf\" class=\"wp-block-file__button wp-element-button\" download aria-describedby=\"wp-block-file--media-c690a2ef-12d7-4b39-8217-3c30317dc8a9\">Descargar<\/a><\/div>\n\n\n\n<div style=\"height:70px\" aria-hidden=\"true\" class=\"wp-block-spacer\"><\/div>\n\n\n\n<h2 class=\"wp-block-heading\">\ud83c\udfb2 Ponga a prueba sus conocimientos!<\/h2>\n\n\n\n<p>\u00bfDisfrutaste del recorrido por el astillero? \u00a1Ahora pon a prueba tus conocimientos con nuestras preguntas interactivas!<\/p>\n\n\n<div class=\"rrze-elements accordion style_light\" id=\"accordion-0\">\n<div class=\"accordion-group #A1BDCF\">\n<h2 class=\"accordion-heading\"><button class=\"accordion-toggle\" data-toggle=\"collapse\"  href=\"#collapse_0\" aria-expanded=\"false\" aria-controls=\"collapse_0\" id=\"collapse_button_0\"> Dialog Cards <\/button><\/h2>\n<div id=\"collapse_0\" class=\"accordion-body\" aria-labelledby=\"collapse_button_0\">\n<div class=\"accordion-inner clearfix\">\n<div class=\"h5p-iframe-wrapper\"><iframe id=\"h5p-iframe-63\" class=\"h5p-iframe\" data-content-id=\"63\" style=\"height:1px\" src=\"about:blank\" frameBorder=\"0\" scrolling=\"no\" title=\"AHOD360 - Albaola_Atlantic Arc_Dialog Cards_Spanish\"><\/iframe><\/div>\n<\/div>\n<\/div>\n<\/div>\n<p><\/p>\n<div class=\"accordion-group #A1BDCF\">\n<h2 class=\"accordion-heading\"><button class=\"accordion-toggle\" data-toggle=\"collapse\"  href=\"#collapse_1\" aria-expanded=\"false\" aria-controls=\"collapse_1\" id=\"collapse_button_1\"> Memory Game <\/button><\/h2>\n<div id=\"collapse_1\" class=\"accordion-body\" aria-labelledby=\"collapse_button_1\">\n<div class=\"accordion-inner clearfix\">\n<div class=\"h5p-content\" data-content-id=\"64\"><\/div>\n<\/div>\n<\/div>\n<\/div>\n<p><\/p>\n<div class=\"accordion-group #A1BDCF\">\n<h2 class=\"accordion-heading\"><button class=\"accordion-toggle\" data-toggle=\"collapse\"  href=\"#collapse_2\" aria-expanded=\"false\" aria-controls=\"collapse_2\" id=\"collapse_button_2\"> Multiple Choice <\/button><\/h2>\n<div id=\"collapse_2\" class=\"accordion-body\" aria-labelledby=\"collapse_button_2\">\n<div class=\"accordion-inner clearfix\">\n<div class=\"h5p-iframe-wrapper\"><iframe id=\"h5p-iframe-65\" class=\"h5p-iframe\" data-content-id=\"65\" style=\"height:1px\" src=\"about:blank\" frameBorder=\"0\" scrolling=\"no\" title=\"AHOD360 - Albaola_Atlantic Arc_Multiple Choice_Spanish\"><\/iframe><\/div>\n<\/div>\n<\/div>\n<\/div>\n<p><\/p>\n<div class=\"accordion-group #A1BDCF\">\n<h2 class=\"accordion-heading\"><button class=\"accordion-toggle\" data-toggle=\"collapse\"  href=\"#collapse_3\" aria-expanded=\"false\" aria-controls=\"collapse_3\" id=\"collapse_button_3\"> True\/False <\/button><\/h2>\n<div id=\"collapse_3\" class=\"accordion-body\" aria-labelledby=\"collapse_button_3\">\n<div class=\"accordion-inner clearfix\">\n<div class=\"h5p-iframe-wrapper\"><iframe id=\"h5p-iframe-66\" class=\"h5p-iframe\" data-content-id=\"66\" style=\"height:1px\" src=\"about:blank\" frameBorder=\"0\" scrolling=\"no\" title=\"AHOD360 - Albaola_Atlantic Arc_True False Question_Spanish\"><\/iframe><\/div>\n<\/div>\n<\/div>\n<\/div>\n<p><\/p>\n<div class=\"accordion-group #A1BDCF\">\n<h2 class=\"accordion-heading\"><button class=\"accordion-toggle\" data-toggle=\"collapse\"  href=\"#collapse_4\" aria-expanded=\"false\" aria-controls=\"collapse_4\" id=\"collapse_button_4\"> Find the Words <\/button><\/h2>\n<div id=\"collapse_4\" class=\"accordion-body\" aria-labelledby=\"collapse_button_4\">\n<div class=\"accordion-inner clearfix\">\n<div class=\"h5p-iframe-wrapper\"><iframe id=\"h5p-iframe-67\" class=\"h5p-iframe\" data-content-id=\"67\" style=\"height:1px\" src=\"about:blank\" frameBorder=\"0\" scrolling=\"no\" title=\"AHOD360 - Albaola_Atlantic Arc_Find The Words_Spanish\"><\/iframe><\/div>\n<\/div>\n<\/div>\n<\/div>\n<p>\n<\/div>\n\n","protected":false},"excerpt":{"rendered":"<p>Visita Albaola, un astillero y museo dedicado a la reconstrucci\u00f3n de barcos hist\u00f3ricos vascos. Experimenta la vibrante cultura mar\u00edtima del Pa\u00eds Vasco y la artesan\u00eda aut\u00e9ntica que se preserva aqu\u00ed. Albaola Itsas Kultur Faktoria en Pasaia, Gipuzkoa, Espa\u00f1a, es un astillero-museo dedicado a la construcci\u00f3n y restauraci\u00f3n de embarcaciones hist\u00f3ricas de madera utilizando t\u00e9cnicas artesanales &#8230; <a title=\"Albaola (Arco Atl\u00e1ntico)\" class=\"read-more\" href=\"https:\/\/ahod360.ili.eu\/index.php\/es\/albaola-arco-atlantico\/\" aria-label=\"Mehr Informationen \u00fcber Albaola (Arco Atl\u00e1ntico)\">Weiterlesen<\/a><\/p>\n","protected":false},"author":2,"featured_media":0,"parent":0,"menu_order":0,"comment_status":"closed","ping_status":"closed","template":"","meta":{"footnotes":""},"class_list":["post-335","page","type-page","status-publish"],"_links":{"self":[{"href":"https:\/\/ahod360.ili.eu\/index.php\/wp-json\/wp\/v2\/pages\/335","targetHints":{"allow":["GET"]}}],"collection":[{"href":"https:\/\/ahod360.ili.eu\/index.php\/wp-json\/wp\/v2\/pages"}],"about":[{"href":"https:\/\/ahod360.ili.eu\/index.php\/wp-json\/wp\/v2\/types\/page"}],"author":[{"embeddable":true,"href":"https:\/\/ahod360.ili.eu\/index.php\/wp-json\/wp\/v2\/users\/2"}],"replies":[{"embeddable":true,"href":"https:\/\/ahod360.ili.eu\/index.php\/wp-json\/wp\/v2\/comments?post=335"}],"version-history":[{"count":5,"href":"https:\/\/ahod360.ili.eu\/index.php\/wp-json\/wp\/v2\/pages\/335\/revisions"}],"predecessor-version":[{"id":451,"href":"https:\/\/ahod360.ili.eu\/index.php\/wp-json\/wp\/v2\/pages\/335\/revisions\/451"}],"wp:attachment":[{"href":"https:\/\/ahod360.ili.eu\/index.php\/wp-json\/wp\/v2\/media?parent=335"}],"curies":[{"name":"wp","href":"https:\/\/api.w.org\/{rel}","templated":true}]}}