{"id":322,"date":"2025-04-09T17:12:31","date_gmt":"2025-04-09T15:12:31","guid":{"rendered":"https:\/\/ahod360.ili.eu\/?page_id=322"},"modified":"2025-04-10T22:31:40","modified_gmt":"2025-04-10T20:31:40","slug":"astilleros-nereo-intermediterraneo","status":"publish","type":"page","link":"https:\/\/ahod360.ili.eu\/index.php\/es\/astilleros-nereo-intermediterraneo\/","title":{"rendered":"Astilleros Nereo (Intermediterr\u00e1neo)"},"content":{"rendered":"\n<p>Sum\u00e9rgete en el mundo de Astilleros Nereo, uno de los astilleros tradicionales m\u00e1s antiguos de Espa\u00f1a. Descubre el arte de la construcci\u00f3n naval en madera y la restauraci\u00f3n de embarcaciones hist\u00f3ricas que preservan el patrimonio mar\u00edtimo del Mediterr\u00e1neo.<\/p>\n\n\n\n<p>Astilleros Nereo, ubicado en el hist\u00f3rico barrio de Pedregalejo en M\u00e1laga, Espa\u00f1a, es uno de los astilleros tradicionales m\u00e1s antiguos del pa\u00eds, activo desde 1966. La astillero es conocida por la construcci\u00f3n y restauraci\u00f3n de barcos de madera, preservando el arte antiguo de la construcci\u00f3n naval. Ha ganado reconocimiento internacional por la restauraci\u00f3n meticulosa de embarcaciones hist\u00f3ricas y la creaci\u00f3n de r\u00e9plicas de barcos antiguos. Gestionado por la familia S\u00e1nchez-Guitard durante m\u00e1s de medio siglo, el astillero desempe\u00f1a un papel crucial en la comunidad local, tanto econ\u00f3mica como culturalmente.<\/p>\n\n\n<div id='ggpkg_container_0_322' style='width:100%; height:800px; position: relative;'>\n<div style='width:100%; height:100%; overflow: hidden; position:relative; display:flex; justify-content:center; align-items:center;'>\n<img src='https:\/\/ahod360.ili.eu\/wp-content\/uploads\/2025\/04\/AHOD360_Mediterranean_Sea\/preview.jpg' alt='' onclick='startPlayer_0_322();' style='min-width:100%; max-width: 10000px; min-height: 100%; max-height: 10000px; position: absolute;'>\n<img src='\/wp-content\/plugins\/garden-gnome-package\/include\/play.png' alt='' onclick='startPlayer_0_322();' style='width: 180px; height: 180px; z-index:10; display: block;'>\n<\/div>\n<\/div>\n<script type='text\/javascript' src='https:\/\/ahod360.ili.eu\/wp-content\/uploads\/2025\/04\/AHOD360_Mediterranean_Sea\/pano2vr_player.js'><\/script>\n<script type='text\/javascript' src='https:\/\/ahod360.ili.eu\/wp-content\/uploads\/2025\/04\/AHOD360_Mediterranean_Sea\/skin.js'><\/script>\n<script type='text\/javascript'>\nfunction startPlayer_0_322() {\nif  (typeof AHOD360_Mediterranean_Sea_pano2vrPlayer != 'undefined') {\n\tpano_0_322=new AHOD360_Mediterranean_Sea_pano2vrPlayer('ggpkg_container_0_322');\n} else {\n\tpano_0_322=new pano2vrPlayer('ggpkg_container_0_322');\n}\nif  (typeof AHOD360_Mediterranean_Sea_pano2vrSkin != 'undefined') {\n\tskin_0_322=new AHOD360_Mediterranean_Sea_pano2vrSkin(pano_0_322, 'https:\/\/ahod360.ili.eu\/wp-content\/uploads\/2025\/04\/AHOD360_Mediterranean_Sea\/');\n} else {\n\tskin_0_322=new pano2vrSkin(pano_0_322, 'https:\/\/ahod360.ili.eu\/wp-content\/uploads\/2025\/04\/AHOD360_Mediterranean_Sea\/');\n}\npano_0_322.readConfigUrlAsync('https:\/\/ahod360.ili.eu\/wp-content\/uploads\/2025\/04\/AHOD360_Mediterranean_Sea\/pano.xml');\nvar contentOverflow = document.getElementById('content') ? document.getElementById('content').style.overflow : '';\npano_0_322.addListener('fullscreenenter', function() {\n\tif (document.getElementById('content')) {\n\t\tdocument.getElementById('content').style.overflow = 'visible';\n\t}\n});\npano_0_322.addListener('fullscreenexit', function() {\n\tif (document.getElementById('content')) {\n\t\tdocument.getElementById('content').style.overflow = contentOverflow;\n\t}\n});\n}\n<\/script>\n\n\n\n<div style=\"height:70px\" aria-hidden=\"true\" class=\"wp-block-spacer\"><\/div>\n\n\n\n<h2 class=\"wp-block-heading\">\ud83d\udcd2 M\u00e1s Informaci\u00f3n<\/h2>\n\n\n\n<p>Para obtener m\u00e1s informaci\u00f3n \u00fatil sobre el astillero, incluida la navegaci\u00f3n, los objetivos de aprendizaje y el contenido, descargue nuestro manual de usuario.<\/p>\n\n\n\n<div class=\"wp-block-file\"><a id=\"wp-block-file--media-c690a2ef-12d7-4b39-8217-3c30317dc8a9\" href=\"https:\/\/ahod360.ili.eu\/wp-content\/uploads\/2025\/04\/AHOD-360-D4.18-Manual-del-usuario_ES.pdf\">AHOD 360 &#8211; D4.18 Manual del usuario_ES<\/a><a href=\"https:\/\/ahod360.ili.eu\/wp-content\/uploads\/2025\/04\/AHOD-360-D4.18-Manual-del-usuario_ES.pdf\" class=\"wp-block-file__button wp-element-button\" download aria-describedby=\"wp-block-file--media-c690a2ef-12d7-4b39-8217-3c30317dc8a9\">Descargar<\/a><\/div>\n\n\n\n<div style=\"height:70px\" aria-hidden=\"true\" class=\"wp-block-spacer\"><\/div>\n\n\n\n<h2 class=\"wp-block-heading\">\ud83c\udfb2 Ponga a prueba sus conocimientos!<\/h2>\n\n\n\n<p>\u00bfDisfrutaste del recorrido por el astillero? \u00a1Ahora pon a prueba tus conocimientos con nuestras preguntas interactivas!<\/p>\n\n\n<div class=\"rrze-elements accordion style_light\" id=\"accordion-0\">\n<div class=\"accordion-group #A1BDCF\">\n<h2 class=\"accordion-heading\"><button class=\"accordion-toggle\" data-toggle=\"collapse\"  href=\"#collapse_0\" aria-expanded=\"false\" aria-controls=\"collapse_0\" id=\"collapse_button_0\"> Dialog Cards <\/button><\/h2>\n<div id=\"collapse_0\" class=\"accordion-body\" aria-labelledby=\"collapse_button_0\">\n<div class=\"accordion-inner clearfix\">\n<div class=\"h5p-iframe-wrapper\"><iframe id=\"h5p-iframe-53\" class=\"h5p-iframe\" data-content-id=\"53\" style=\"height:1px\" src=\"about:blank\" frameBorder=\"0\" scrolling=\"no\" title=\"AHOD360 - Astilleros Nereo_Intermediterranean Sea_Dialogue Card_Spanish\"><\/iframe><\/div>\n<\/div>\n<\/div>\n<\/div>\n<p><\/p>\n<div class=\"accordion-group #A1BDCF\">\n<h2 class=\"accordion-heading\"><button class=\"accordion-toggle\" data-toggle=\"collapse\"  href=\"#collapse_1\" aria-expanded=\"false\" aria-controls=\"collapse_1\" id=\"collapse_button_1\"> Drag the Words <\/button><\/h2>\n<div id=\"collapse_1\" class=\"accordion-body\" aria-labelledby=\"collapse_button_1\">\n<div class=\"accordion-inner clearfix\">\n<div class=\"h5p-iframe-wrapper\"><iframe id=\"h5p-iframe-54\" class=\"h5p-iframe\" data-content-id=\"54\" style=\"height:1px\" src=\"about:blank\" frameBorder=\"0\" scrolling=\"no\" title=\"AHOD360 - Astilleros Nereo_Intermediterranean Sea_Drag the Words_Spanish\"><\/iframe><\/div>\n<\/div>\n<\/div>\n<\/div>\n<p><\/p>\n<div class=\"accordion-group #A1BDCF\">\n<h2 class=\"accordion-heading\"><button class=\"accordion-toggle\" data-toggle=\"collapse\"  href=\"#collapse_2\" aria-expanded=\"false\" aria-controls=\"collapse_2\" id=\"collapse_button_2\"> Multiple Choice <\/button><\/h2>\n<div id=\"collapse_2\" class=\"accordion-body\" aria-labelledby=\"collapse_button_2\">\n<div class=\"accordion-inner clearfix\">\n<div class=\"h5p-iframe-wrapper\"><iframe id=\"h5p-iframe-55\" class=\"h5p-iframe\" data-content-id=\"55\" style=\"height:1px\" src=\"about:blank\" frameBorder=\"0\" scrolling=\"no\" title=\"AHOD360 - Astilleros Nereo_Intermediterranean Sea_Multiple Choice_Spanish\"><\/iframe><\/div>\n<\/div>\n<\/div>\n<\/div>\n<p><\/p>\n<div class=\"accordion-group #A1BDCF\">\n<h2 class=\"accordion-heading\"><button class=\"accordion-toggle\" data-toggle=\"collapse\"  href=\"#collapse_3\" aria-expanded=\"false\" aria-controls=\"collapse_3\" id=\"collapse_button_3\"> Find the Words <\/button><\/h2>\n<div id=\"collapse_3\" class=\"accordion-body\" aria-labelledby=\"collapse_button_3\">\n<div class=\"accordion-inner clearfix\">\n<div class=\"h5p-iframe-wrapper\"><iframe id=\"h5p-iframe-56\" class=\"h5p-iframe\" data-content-id=\"56\" style=\"height:1px\" src=\"about:blank\" frameBorder=\"0\" scrolling=\"no\" title=\"AHOD360 - Astilleros Nereo_Intermediterranean Sea_Find The Words_Spanish\"><\/iframe><\/div>\n<\/div>\n<\/div>\n<\/div>\n<p><\/p>\n<div class=\"accordion-group #A1BDCF\">\n<h2 class=\"accordion-heading\"><button class=\"accordion-toggle\" data-toggle=\"collapse\"  href=\"#collapse_4\" aria-expanded=\"false\" aria-controls=\"collapse_4\" id=\"collapse_button_4\"> Drag & Drop <\/button><\/h2>\n<div id=\"collapse_4\" class=\"accordion-body\" aria-labelledby=\"collapse_button_4\">\n<div class=\"accordion-inner clearfix\">\n<div class=\"h5p-iframe-wrapper\"><iframe id=\"h5p-iframe-57\" class=\"h5p-iframe\" data-content-id=\"57\" style=\"height:1px\" src=\"about:blank\" frameBorder=\"0\" scrolling=\"no\" title=\"AHOD360 - Astilleros Nereo_Intermediterranean Sea_Drag and Drop_Spanish\"><\/iframe><\/div>\n<\/div>\n<\/div>\n<\/div>\n<p>\n<\/div>\n\n","protected":false},"excerpt":{"rendered":"<p>Sum\u00e9rgete en el mundo de Astilleros Nereo, uno de los astilleros tradicionales m\u00e1s antiguos de Espa\u00f1a. Descubre el arte de la construcci\u00f3n naval en madera y la restauraci\u00f3n de embarcaciones hist\u00f3ricas que preservan el patrimonio mar\u00edtimo del Mediterr\u00e1neo. Astilleros Nereo, ubicado en el hist\u00f3rico barrio de Pedregalejo en M\u00e1laga, Espa\u00f1a, es uno de los astilleros &#8230; <a title=\"Astilleros Nereo (Intermediterr\u00e1neo)\" class=\"read-more\" href=\"https:\/\/ahod360.ili.eu\/index.php\/es\/astilleros-nereo-intermediterraneo\/\" aria-label=\"Mehr Informationen \u00fcber Astilleros Nereo (Intermediterr\u00e1neo)\">Weiterlesen<\/a><\/p>\n","protected":false},"author":2,"featured_media":0,"parent":0,"menu_order":0,"comment_status":"closed","ping_status":"closed","template":"","meta":{"footnotes":""},"class_list":["post-322","page","type-page","status-publish"],"_links":{"self":[{"href":"https:\/\/ahod360.ili.eu\/index.php\/wp-json\/wp\/v2\/pages\/322","targetHints":{"allow":["GET"]}}],"collection":[{"href":"https:\/\/ahod360.ili.eu\/index.php\/wp-json\/wp\/v2\/pages"}],"about":[{"href":"https:\/\/ahod360.ili.eu\/index.php\/wp-json\/wp\/v2\/types\/page"}],"author":[{"embeddable":true,"href":"https:\/\/ahod360.ili.eu\/index.php\/wp-json\/wp\/v2\/users\/2"}],"replies":[{"embeddable":true,"href":"https:\/\/ahod360.ili.eu\/index.php\/wp-json\/wp\/v2\/comments?post=322"}],"version-history":[{"count":3,"href":"https:\/\/ahod360.ili.eu\/index.php\/wp-json\/wp\/v2\/pages\/322\/revisions"}],"predecessor-version":[{"id":423,"href":"https:\/\/ahod360.ili.eu\/index.php\/wp-json\/wp\/v2\/pages\/322\/revisions\/423"}],"wp:attachment":[{"href":"https:\/\/ahod360.ili.eu\/index.php\/wp-json\/wp\/v2\/media?parent=322"}],"curies":[{"name":"wp","href":"https:\/\/api.w.org\/{rel}","templated":true}]}}