{"id":242,"date":"2025-04-09T09:50:24","date_gmt":"2025-04-09T07:50:24","guid":{"rendered":"https:\/\/ahod360.ili.eu\/?page_id=242"},"modified":"2025-04-30T16:46:35","modified_gmt":"2025-04-30T14:46:35","slug":"boebs-werft-mar-baltico-3","status":"publish","type":"page","link":"https:\/\/ahod360.ili.eu\/index.php\/it\/boebs-werft-mar-baltico-3\/","title":{"rendered":"B\u00f6bs-Werft (Mar Baltico)"},"content":{"rendered":"\n<p>Benvenuti alla B\u00f6bs-Werft, un centro per la manutenzione e il restauro di yacht classici. Scoprite la combinazione di artigianato tradizionale e competenza moderna che rende questo cantiere un fornitore leader nei servizi per yacht.<\/p>\n\n\n\n<p>B\u00f6bs Shipyard, situato a L\u00fcbeck-Travem\u00fcnde sul Mar Baltico, vanta oltre un secolo di tradizione marittima. Fondato nel 1912, il cantiere si \u00e8 evoluto da costruttore di barche a fornitore specializzato di servizi di manutenzione, riparazione e restauro di yacht. Il cantiere offre una gamma di servizi, tra cui riparazioni dello scafo, lavori di attrezzatura, manutenzione del motore e rimessaggio invernale. Un progetto di spicco \u00e8 il restauro dello yacht da regata storico Germania VI. B\u00f6bs Shipyard impiega circa 35 persone e svolge un ruolo importante nell&#8217;economia locale.<\/p>\n\n\n<div id='ggpkg_container_0_242' style='width:100%; height:800px; position: relative;'>\n<div style='width:100%; height:100%; overflow: hidden; position:relative; display:flex; justify-content:center; align-items:center;'>\n<img src='https:\/\/ahod360.ili.eu\/wp-content\/uploads\/2025\/04\/Baltic_Sea\/preview.jpg' alt='' onclick='startPlayer_0_242();' style='min-width:100%; max-width: 10000px; min-height: 100%; max-height: 10000px; position: absolute;'>\n<img src='\/wp-content\/plugins\/garden-gnome-package\/include\/play.png' alt='' onclick='startPlayer_0_242();' style='width: 180px; height: 180px; z-index:10; display: block;'>\n<\/div>\n<\/div>\n<script type='text\/javascript' src='https:\/\/ahod360.ili.eu\/wp-content\/uploads\/2025\/04\/Baltic_Sea\/pano2vr_player.js'><\/script>\n<script type='text\/javascript' src='https:\/\/ahod360.ili.eu\/wp-content\/uploads\/2025\/04\/Baltic_Sea\/skin.js'><\/script>\n<script type='text\/javascript'>\nfunction startPlayer_0_242() {\nif  (typeof Baltic_Sea_pano2vrPlayer != 'undefined') {\n\tpano_0_242=new Baltic_Sea_pano2vrPlayer('ggpkg_container_0_242');\n} else {\n\tpano_0_242=new pano2vrPlayer('ggpkg_container_0_242');\n}\nif  (typeof Baltic_Sea_pano2vrSkin != 'undefined') {\n\tskin_0_242=new Baltic_Sea_pano2vrSkin(pano_0_242, 'https:\/\/ahod360.ili.eu\/wp-content\/uploads\/2025\/04\/Baltic_Sea\/');\n} else {\n\tskin_0_242=new pano2vrSkin(pano_0_242, 'https:\/\/ahod360.ili.eu\/wp-content\/uploads\/2025\/04\/Baltic_Sea\/');\n}\npano_0_242.readConfigUrlAsync('https:\/\/ahod360.ili.eu\/wp-content\/uploads\/2025\/04\/Baltic_Sea\/pano.xml');\nvar contentOverflow = document.getElementById('content') ? document.getElementById('content').style.overflow : '';\npano_0_242.addListener('fullscreenenter', function() {\n\tif (document.getElementById('content')) {\n\t\tdocument.getElementById('content').style.overflow = 'visible';\n\t}\n});\npano_0_242.addListener('fullscreenexit', function() {\n\tif (document.getElementById('content')) {\n\t\tdocument.getElementById('content').style.overflow = contentOverflow;\n\t}\n});\n}\n<\/script>\n\n\n\n<div style=\"height:70px\" aria-hidden=\"true\" class=\"wp-block-spacer\"><\/div>\n\n\n\n<h2 class=\"wp-block-heading\">\ud83d\udcd2 Ulteriori informazioni<\/h2>\n\n\n\n<p>Per ulteriori informazioni utili sul cantiere, inclusi navigazione, obiettivi di apprendimento e contenuti, scaricate il nostro manuale utente.<\/p>\n\n\n\n<div class=\"wp-block-file\"><a id=\"wp-block-file--media-5e0ade43-2ff8-4d51-b16f-a877327a5543\" href=\"https:\/\/ahod360.ili.eu\/wp-content\/uploads\/2025\/04\/AHOD-360-D4.18-Manuale-duso_IT.pdf\">AHOD 360 &#8211; D4.18 Manuale d&#8217;uso_IT<\/a><a href=\"https:\/\/ahod360.ili.eu\/wp-content\/uploads\/2025\/04\/AHOD-360-D4.18-Manuale-duso_IT.pdf\" class=\"wp-block-file__button wp-element-button\" download aria-describedby=\"wp-block-file--media-5e0ade43-2ff8-4d51-b16f-a877327a5543\">Download<\/a><\/div>\n\n\n\n<div style=\"height:70px\" aria-hidden=\"true\" class=\"wp-block-spacer\"><\/div>\n\n\n\n<h2 class=\"wp-block-heading\">\ud83c\udfb2 Mettete alla prova le vostre conoscenze!<\/h2>\n\n\n\n<p>Vi \u00e8 piaciuto il tour del cantiere? Ora mettete alla prova le vostre conoscenze con le nostre domande interattive!<\/p>\n\n\n<div class=\"rrze-elements accordion style_light\" id=\"accordion-0\">\n<div class=\"accordion-group #A1BDCF\">\n<h2 class=\"accordion-heading\"><button class=\"accordion-toggle\" data-toggle=\"collapse\"  href=\"#collapse_0\" aria-expanded=\"false\" aria-controls=\"collapse_0\" id=\"collapse_button_0\"> Dialog Cards <\/button><\/h2>\n<div id=\"collapse_0\" class=\"accordion-body\" aria-labelledby=\"collapse_button_0\">\n<div class=\"accordion-inner clearfix\">\n<div class=\"h5p-iframe-wrapper\"><iframe id=\"h5p-iframe-23\" class=\"h5p-iframe\" data-content-id=\"23\" style=\"height:1px\" src=\"about:blank\" frameBorder=\"0\" scrolling=\"no\" title=\"AHOD360 - Boebs Werft_Baltic Sea_Dialog Cards_Italian\"><\/iframe><\/div>\n<\/div>\n<\/div>\n<\/div>\n<p><\/p>\n<div class=\"accordion-group #A1BDCF\">\n<h2 class=\"accordion-heading\"><button class=\"accordion-toggle\" data-toggle=\"collapse\"  href=\"#collapse_1\" aria-expanded=\"false\" aria-controls=\"collapse_1\" id=\"collapse_button_1\"> Drag the Words <\/button><\/h2>\n<div id=\"collapse_1\" class=\"accordion-body\" aria-labelledby=\"collapse_button_1\">\n<div class=\"accordion-inner clearfix\">\n<div class=\"h5p-iframe-wrapper\"><iframe id=\"h5p-iframe-24\" class=\"h5p-iframe\" data-content-id=\"24\" style=\"height:1px\" src=\"about:blank\" frameBorder=\"0\" scrolling=\"no\" title=\"AHOD360 - Boebs Werft_Baltic Sea_Drag the Words_Italian\"><\/iframe><\/div>\n<\/div>\n<\/div>\n<\/div>\n<p><\/p>\n<div class=\"accordion-group #A1BDCF\">\n<h2 class=\"accordion-heading\"><button class=\"accordion-toggle\" data-toggle=\"collapse\"  href=\"#collapse_2\" aria-expanded=\"false\" aria-controls=\"collapse_2\" id=\"collapse_button_2\"> Multiple Choice <\/button><\/h2>\n<div id=\"collapse_2\" class=\"accordion-body\" aria-labelledby=\"collapse_button_2\">\n<div class=\"accordion-inner clearfix\">\n<div class=\"h5p-iframe-wrapper\"><iframe id=\"h5p-iframe-25\" class=\"h5p-iframe\" data-content-id=\"25\" style=\"height:1px\" src=\"about:blank\" frameBorder=\"0\" scrolling=\"no\" title=\"AHOD360 - Boebs Werft_Baltic Sea_Multiple Choice_Italian\"><\/iframe><\/div>\n<\/div>\n<\/div>\n<\/div>\n<p><\/p>\n<div class=\"accordion-group #A1BDCF\">\n<h2 class=\"accordion-heading\"><button class=\"accordion-toggle\" data-toggle=\"collapse\"  href=\"#collapse_3\" aria-expanded=\"false\" aria-controls=\"collapse_3\" id=\"collapse_button_3\"> Find the Words <\/button><\/h2>\n<div id=\"collapse_3\" class=\"accordion-body\" aria-labelledby=\"collapse_button_3\">\n<div class=\"accordion-inner clearfix\">\n<div class=\"h5p-iframe-wrapper\"><iframe id=\"h5p-iframe-26\" class=\"h5p-iframe\" data-content-id=\"26\" style=\"height:1px\" src=\"about:blank\" frameBorder=\"0\" scrolling=\"no\" title=\"AHOD360 - Boebs Werft_Baltic Sea_Find The Words_Italian\"><\/iframe><\/div>\n<\/div>\n<\/div>\n<\/div>\n<p><\/p>\n<div class=\"accordion-group #A1BDCF\">\n<h2 class=\"accordion-heading\"><button class=\"accordion-toggle\" data-toggle=\"collapse\"  href=\"#collapse_4\" aria-expanded=\"false\" aria-controls=\"collapse_4\" id=\"collapse_button_4\"> Drag & Drop <\/button><\/h2>\n<div id=\"collapse_4\" class=\"accordion-body\" aria-labelledby=\"collapse_button_4\">\n<div class=\"accordion-inner clearfix\">\n<div class=\"h5p-iframe-wrapper\"><iframe id=\"h5p-iframe-27\" class=\"h5p-iframe\" data-content-id=\"27\" style=\"height:1px\" src=\"about:blank\" frameBorder=\"0\" scrolling=\"no\" title=\"AHOD360 - Boebs Werft_Baltic Sea _Drag and Drop_Italian\"><\/iframe><\/div>\n<\/div>\n<\/div>\n<\/div>\n<p>\n<\/div>\n\n","protected":false},"excerpt":{"rendered":"<p>Benvenuti alla B\u00f6bs-Werft, un centro per la manutenzione e il restauro di yacht classici. Scoprite la combinazione di artigianato tradizionale e competenza moderna che rende questo cantiere un fornitore leader nei servizi per yacht. B\u00f6bs Shipyard, situato a L\u00fcbeck-Travem\u00fcnde sul Mar Baltico, vanta oltre un secolo di tradizione marittima. Fondato nel 1912, il cantiere si &#8230; <a title=\"B\u00f6bs-Werft (Mar Baltico)\" class=\"read-more\" href=\"https:\/\/ahod360.ili.eu\/index.php\/it\/boebs-werft-mar-baltico-3\/\" aria-label=\"Mehr Informationen \u00fcber B\u00f6bs-Werft (Mar Baltico)\">Weiterlesen<\/a><\/p>\n","protected":false},"author":2,"featured_media":0,"parent":0,"menu_order":0,"comment_status":"closed","ping_status":"closed","template":"","meta":{"footnotes":""},"class_list":["post-242","page","type-page","status-publish"],"_links":{"self":[{"href":"https:\/\/ahod360.ili.eu\/index.php\/wp-json\/wp\/v2\/pages\/242","targetHints":{"allow":["GET"]}}],"collection":[{"href":"https:\/\/ahod360.ili.eu\/index.php\/wp-json\/wp\/v2\/pages"}],"about":[{"href":"https:\/\/ahod360.ili.eu\/index.php\/wp-json\/wp\/v2\/types\/page"}],"author":[{"embeddable":true,"href":"https:\/\/ahod360.ili.eu\/index.php\/wp-json\/wp\/v2\/users\/2"}],"replies":[{"embeddable":true,"href":"https:\/\/ahod360.ili.eu\/index.php\/wp-json\/wp\/v2\/comments?post=242"}],"version-history":[{"count":5,"href":"https:\/\/ahod360.ili.eu\/index.php\/wp-json\/wp\/v2\/pages\/242\/revisions"}],"predecessor-version":[{"id":458,"href":"https:\/\/ahod360.ili.eu\/index.php\/wp-json\/wp\/v2\/pages\/242\/revisions\/458"}],"wp:attachment":[{"href":"https:\/\/ahod360.ili.eu\/index.php\/wp-json\/wp\/v2\/media?parent=242"}],"curies":[{"name":"wp","href":"https:\/\/api.w.org\/{rel}","templated":true}]}}