{"id":235,"date":"2025-04-08T15:12:21","date_gmt":"2025-04-08T13:12:21","guid":{"rendered":"https:\/\/ahod360.ili.eu\/?page_id=235"},"modified":"2025-04-30T16:46:25","modified_gmt":"2025-04-30T14:46:25","slug":"boebs-werft-mar-baltico","status":"publish","type":"page","link":"https:\/\/ahod360.ili.eu\/index.php\/es\/boebs-werft-mar-baltico\/","title":{"rendered":"B\u00f6bs-Werft (Mar B\u00e1ltico)"},"content":{"rendered":"\n<p>Bienvenidos a B\u00f6bs-Werft, un centro para el mantenimiento y la restauraci\u00f3n de yates cl\u00e1sicos. Experimente la combinaci\u00f3n de artesan\u00eda tradicional y experiencia moderna que hace de este astillero un proveedor l\u00edder en servicios de yates.<\/p>\n\n\n\n<p>B\u00f6bs Shipyard, ubicado en L\u00fcbeck-Travem\u00fcnde en el Mar B\u00e1ltico, cuenta con m\u00e1s de un siglo de tradici\u00f3n mar\u00edtima. Fundado en 1912, el astillero ha evolucionado de constructor de barcos a proveedor especializado en mantenimiento, reparaci\u00f3n y restauraci\u00f3n de yates. El astillero ofrece una variedad de servicios, incluyendo reparaciones de casco, trabajos de aparejo, mantenimiento de motores y almacenamiento invernal. Un proyecto destacado es la restauraci\u00f3n del hist\u00f3rico yate de regata Germania VI. B\u00f6bs Shipyard emplea a unas 35 personas y juega un papel importante en la econom\u00eda local.<\/p>\n\n\n<div id='ggpkg_container_0_235' style='width:100%; height:800px; position: relative;'>\n<div style='width:100%; height:100%; overflow: hidden; position:relative; display:flex; justify-content:center; align-items:center;'>\n<img src='https:\/\/ahod360.ili.eu\/wp-content\/uploads\/2025\/04\/Baltic_Sea\/preview.jpg' alt='' onclick='startPlayer_0_235();' style='min-width:100%; max-width: 10000px; min-height: 100%; max-height: 10000px; position: absolute;'>\n<img src='\/wp-content\/plugins\/garden-gnome-package\/include\/play.png' alt='' onclick='startPlayer_0_235();' style='width: 180px; height: 180px; z-index:10; display: block;'>\n<\/div>\n<\/div>\n<script type='text\/javascript' src='https:\/\/ahod360.ili.eu\/wp-content\/uploads\/2025\/04\/Baltic_Sea\/pano2vr_player.js'><\/script>\n<script type='text\/javascript' src='https:\/\/ahod360.ili.eu\/wp-content\/uploads\/2025\/04\/Baltic_Sea\/skin.js'><\/script>\n<script type='text\/javascript'>\nfunction startPlayer_0_235() {\nif  (typeof Baltic_Sea_pano2vrPlayer != 'undefined') {\n\tpano_0_235=new Baltic_Sea_pano2vrPlayer('ggpkg_container_0_235');\n} else {\n\tpano_0_235=new pano2vrPlayer('ggpkg_container_0_235');\n}\nif  (typeof Baltic_Sea_pano2vrSkin != 'undefined') {\n\tskin_0_235=new Baltic_Sea_pano2vrSkin(pano_0_235, 'https:\/\/ahod360.ili.eu\/wp-content\/uploads\/2025\/04\/Baltic_Sea\/');\n} else {\n\tskin_0_235=new pano2vrSkin(pano_0_235, 'https:\/\/ahod360.ili.eu\/wp-content\/uploads\/2025\/04\/Baltic_Sea\/');\n}\npano_0_235.readConfigUrlAsync('https:\/\/ahod360.ili.eu\/wp-content\/uploads\/2025\/04\/Baltic_Sea\/pano.xml');\nvar contentOverflow = document.getElementById('content') ? document.getElementById('content').style.overflow : '';\npano_0_235.addListener('fullscreenenter', function() {\n\tif (document.getElementById('content')) {\n\t\tdocument.getElementById('content').style.overflow = 'visible';\n\t}\n});\npano_0_235.addListener('fullscreenexit', function() {\n\tif (document.getElementById('content')) {\n\t\tdocument.getElementById('content').style.overflow = contentOverflow;\n\t}\n});\n}\n<\/script>\n\n\n\n<div style=\"height:70px\" aria-hidden=\"true\" class=\"wp-block-spacer\"><\/div>\n\n\n\n<h2 class=\"wp-block-heading\">\ud83d\udcd2 M\u00e1s informaci\u00f3n<\/h2>\n\n\n\n<p>Para obtener m\u00e1s informaci\u00f3n \u00fatil sobre el astillero, incluida la navegaci\u00f3n, los objetivos de aprendizaje y el contenido, descargue nuestro manual de usuario.<\/p>\n\n\n\n<div class=\"wp-block-file\"><a id=\"wp-block-file--media-c690a2ef-12d7-4b39-8217-3c30317dc8a9\" href=\"https:\/\/ahod360.ili.eu\/wp-content\/uploads\/2025\/04\/AHOD-360-D4.18-Manual-del-usuario_ES.pdf\">AHOD 360 &#8211; D4.18 Manual del usuario_ES<\/a><a href=\"https:\/\/ahod360.ili.eu\/wp-content\/uploads\/2025\/04\/AHOD-360-D4.18-Manual-del-usuario_ES.pdf\" class=\"wp-block-file__button wp-element-button\" download aria-describedby=\"wp-block-file--media-c690a2ef-12d7-4b39-8217-3c30317dc8a9\">Descargar<\/a><\/div>\n\n\n\n<div style=\"height:70px\" aria-hidden=\"true\" class=\"wp-block-spacer\"><\/div>\n\n\n\n<h2 class=\"wp-block-heading\">\ud83c\udfb2 Ponga a prueba sus conocimientos!<\/h2>\n\n\n\n<p>\u00bfDisfrutaste del recorrido por el astillero? \u00a1Ahora pon a prueba tus conocimientos con nuestras preguntas interactivas!<\/p>\n\n\n<div class=\"rrze-elements accordion style_light\" id=\"accordion-0\">\n<div class=\"accordion-group #A1BDCF\">\n<h2 class=\"accordion-heading\"><button class=\"accordion-toggle\" data-toggle=\"collapse\"  href=\"#collapse_0\" aria-expanded=\"false\" aria-controls=\"collapse_0\" id=\"collapse_button_0\"> Dialog Cards <\/button><\/h2>\n<div id=\"collapse_0\" class=\"accordion-body\" aria-labelledby=\"collapse_button_0\">\n<div class=\"accordion-inner clearfix\">\n<div class=\"h5p-iframe-wrapper\"><iframe id=\"h5p-iframe-18\" class=\"h5p-iframe\" data-content-id=\"18\" style=\"height:1px\" src=\"about:blank\" frameBorder=\"0\" scrolling=\"no\" title=\"AHOD360 - Boebs Werft_Baltic Sea_Dialog Cards_Spanish\"><\/iframe><\/div>\n<\/div>\n<\/div>\n<\/div>\n<p><\/p>\n<div class=\"accordion-group #A1BDCF\">\n<h2 class=\"accordion-heading\"><button class=\"accordion-toggle\" data-toggle=\"collapse\"  href=\"#collapse_1\" aria-expanded=\"false\" aria-controls=\"collapse_1\" id=\"collapse_button_1\"> Drag the Words <\/button><\/h2>\n<div id=\"collapse_1\" class=\"accordion-body\" aria-labelledby=\"collapse_button_1\">\n<div class=\"accordion-inner clearfix\">\n<div class=\"h5p-iframe-wrapper\"><iframe id=\"h5p-iframe-19\" class=\"h5p-iframe\" data-content-id=\"19\" style=\"height:1px\" src=\"about:blank\" frameBorder=\"0\" scrolling=\"no\" title=\"AHOD360 - Boebs Werft_Baltic Sea_Drag the Words_Spanish\"><\/iframe><\/div>\n<\/div>\n<\/div>\n<\/div>\n<p><\/p>\n<div class=\"accordion-group #A1BDCF\">\n<h2 class=\"accordion-heading\"><button class=\"accordion-toggle\" data-toggle=\"collapse\"  href=\"#collapse_2\" aria-expanded=\"false\" aria-controls=\"collapse_2\" id=\"collapse_button_2\"> Multiple Choice <\/button><\/h2>\n<div id=\"collapse_2\" class=\"accordion-body\" aria-labelledby=\"collapse_button_2\">\n<div class=\"accordion-inner clearfix\">\n<div class=\"h5p-iframe-wrapper\"><iframe id=\"h5p-iframe-20\" class=\"h5p-iframe\" data-content-id=\"20\" style=\"height:1px\" src=\"about:blank\" frameBorder=\"0\" scrolling=\"no\" title=\"AHOD360 - Boebs Werft_Baltic Sea_Multiple Choice_Spanish\"><\/iframe><\/div>\n<\/div>\n<\/div>\n<\/div>\n<p><\/p>\n<div class=\"accordion-group #A1BDCF\">\n<h2 class=\"accordion-heading\"><button class=\"accordion-toggle\" data-toggle=\"collapse\"  href=\"#collapse_3\" aria-expanded=\"false\" aria-controls=\"collapse_3\" id=\"collapse_button_3\"> Find the Words <\/button><\/h2>\n<div id=\"collapse_3\" class=\"accordion-body\" aria-labelledby=\"collapse_button_3\">\n<div class=\"accordion-inner clearfix\">\n<div class=\"h5p-iframe-wrapper\"><iframe id=\"h5p-iframe-21\" class=\"h5p-iframe\" data-content-id=\"21\" style=\"height:1px\" src=\"about:blank\" frameBorder=\"0\" scrolling=\"no\" title=\"AHOD360 - Boebs Werft_Baltic Sea_Find The Words_Spanish\"><\/iframe><\/div>\n<\/div>\n<\/div>\n<\/div>\n<p><\/p>\n<div class=\"accordion-group #A1BDCF\">\n<h2 class=\"accordion-heading\"><button class=\"accordion-toggle\" data-toggle=\"collapse\"  href=\"#collapse_4\" aria-expanded=\"false\" aria-controls=\"collapse_4\" id=\"collapse_button_4\"> Drag & Drop <\/button><\/h2>\n<div id=\"collapse_4\" class=\"accordion-body\" aria-labelledby=\"collapse_button_4\">\n<div class=\"accordion-inner clearfix\">\n<div class=\"h5p-iframe-wrapper\"><iframe id=\"h5p-iframe-22\" class=\"h5p-iframe\" data-content-id=\"22\" style=\"height:1px\" src=\"about:blank\" frameBorder=\"0\" scrolling=\"no\" title=\"AHOD360 - Boebs Werft_Baltic Sea _Drag and Drop_Spanish\"><\/iframe><\/div>\n<\/div>\n<\/div>\n<\/div>\n<p>\n<\/div>\n\n","protected":false},"excerpt":{"rendered":"<p>Bienvenidos a B\u00f6bs-Werft, un centro para el mantenimiento y la restauraci\u00f3n de yates cl\u00e1sicos. Experimente la combinaci\u00f3n de artesan\u00eda tradicional y experiencia moderna que hace de este astillero un proveedor l\u00edder en servicios de yates. B\u00f6bs Shipyard, ubicado en L\u00fcbeck-Travem\u00fcnde en el Mar B\u00e1ltico, cuenta con m\u00e1s de un siglo de tradici\u00f3n mar\u00edtima. Fundado en &#8230; <a title=\"B\u00f6bs-Werft (Mar B\u00e1ltico)\" class=\"read-more\" href=\"https:\/\/ahod360.ili.eu\/index.php\/es\/boebs-werft-mar-baltico\/\" aria-label=\"Mehr Informationen \u00fcber B\u00f6bs-Werft (Mar B\u00e1ltico)\">Weiterlesen<\/a><\/p>\n","protected":false},"author":2,"featured_media":0,"parent":0,"menu_order":0,"comment_status":"closed","ping_status":"closed","template":"","meta":{"footnotes":""},"class_list":["post-235","page","type-page","status-publish"],"_links":{"self":[{"href":"https:\/\/ahod360.ili.eu\/index.php\/wp-json\/wp\/v2\/pages\/235","targetHints":{"allow":["GET"]}}],"collection":[{"href":"https:\/\/ahod360.ili.eu\/index.php\/wp-json\/wp\/v2\/pages"}],"about":[{"href":"https:\/\/ahod360.ili.eu\/index.php\/wp-json\/wp\/v2\/types\/page"}],"author":[{"embeddable":true,"href":"https:\/\/ahod360.ili.eu\/index.php\/wp-json\/wp\/v2\/users\/2"}],"replies":[{"embeddable":true,"href":"https:\/\/ahod360.ili.eu\/index.php\/wp-json\/wp\/v2\/comments?post=235"}],"version-history":[{"count":7,"href":"https:\/\/ahod360.ili.eu\/index.php\/wp-json\/wp\/v2\/pages\/235\/revisions"}],"predecessor-version":[{"id":457,"href":"https:\/\/ahod360.ili.eu\/index.php\/wp-json\/wp\/v2\/pages\/235\/revisions\/457"}],"wp:attachment":[{"href":"https:\/\/ahod360.ili.eu\/index.php\/wp-json\/wp\/v2\/media?parent=235"}],"curies":[{"name":"wp","href":"https:\/\/api.w.org\/{rel}","templated":true}]}}