{"id":233,"date":"2025-04-08T15:11:55","date_gmt":"2025-04-08T13:11:55","guid":{"rendered":"https:\/\/ahod360.ili.eu\/?page_id=233"},"modified":"2025-04-30T16:45:44","modified_gmt":"2025-04-30T14:45:44","slug":"boebs-werft-ostsee","status":"publish","type":"page","link":"https:\/\/ahod360.ili.eu\/index.php\/de\/boebs-werft-ostsee\/","title":{"rendered":"B\u00f6bs-Werft (Ostsee)"},"content":{"rendered":"\n<p>Willkommen in der B\u00f6bs-Werft, einem Zentrum f\u00fcr die Wartung und Restaurierung klassischer Yachten. Erleben Sie die Kombination aus traditioneller Handwerkskunst und modernem Fachwissen, die diese Werft zu einem f\u00fchrenden Anbieter im Yachtservice macht.<\/p>\n\n\n\n<p>B\u00f6bs-Werft, gelegen in L\u00fcbeck-Travem\u00fcnde an der Ostsee, blickt auf \u00fcber ein Jahrhundert maritimer Tradition zur\u00fcck. Gegr\u00fcndet im Jahr 1912, hat sich die Werft von einem Bootsbauer zu einem Spezialisten f\u00fcr Yachtwartung, -reparatur und -restaurierung entwickelt. Die Werft bietet eine Vielzahl von Dienstleistungen an, darunter Rumpfreparaturen, Takelarbeiten, Motorwartung und Winterlagerung. Ein herausragendes Projekt ist die Restaurierung der historischen Regattayacht Germania VI. B\u00f6bs Shipyard besch\u00e4ftigt etwa 35 Mitarbeiter und spielt eine wichtige Rolle in der lokalen Wirtschaft.<\/p>\n\n\n<div id='ggpkg_container_0_233' style='width:100%; height:800px; position: relative;'>\n<div style='width:100%; height:100%; overflow: hidden; position:relative; display:flex; justify-content:center; align-items:center;'>\n<img src='https:\/\/ahod360.ili.eu\/wp-content\/uploads\/2025\/04\/Baltic_Sea\/preview.jpg' alt='' onclick='startPlayer_0_233();' style='min-width:100%; max-width: 10000px; min-height: 100%; max-height: 10000px; position: absolute;'>\n<img src='\/wp-content\/plugins\/garden-gnome-package\/include\/play.png' alt='' onclick='startPlayer_0_233();' style='width: 180px; height: 180px; z-index:10; display: block;'>\n<\/div>\n<\/div>\n<script type='text\/javascript' src='https:\/\/ahod360.ili.eu\/wp-content\/uploads\/2025\/04\/Baltic_Sea\/pano2vr_player.js'><\/script>\n<script type='text\/javascript' src='https:\/\/ahod360.ili.eu\/wp-content\/uploads\/2025\/04\/Baltic_Sea\/skin.js'><\/script>\n<script type='text\/javascript'>\nfunction startPlayer_0_233() {\nif  (typeof Baltic_Sea_pano2vrPlayer != 'undefined') {\n\tpano_0_233=new Baltic_Sea_pano2vrPlayer('ggpkg_container_0_233');\n} else {\n\tpano_0_233=new pano2vrPlayer('ggpkg_container_0_233');\n}\nif  (typeof Baltic_Sea_pano2vrSkin != 'undefined') {\n\tskin_0_233=new Baltic_Sea_pano2vrSkin(pano_0_233, 'https:\/\/ahod360.ili.eu\/wp-content\/uploads\/2025\/04\/Baltic_Sea\/');\n} else {\n\tskin_0_233=new pano2vrSkin(pano_0_233, 'https:\/\/ahod360.ili.eu\/wp-content\/uploads\/2025\/04\/Baltic_Sea\/');\n}\npano_0_233.readConfigUrlAsync('https:\/\/ahod360.ili.eu\/wp-content\/uploads\/2025\/04\/Baltic_Sea\/pano.xml');\nvar contentOverflow = document.getElementById('content') ? document.getElementById('content').style.overflow : '';\npano_0_233.addListener('fullscreenenter', function() {\n\tif (document.getElementById('content')) {\n\t\tdocument.getElementById('content').style.overflow = 'visible';\n\t}\n});\npano_0_233.addListener('fullscreenexit', function() {\n\tif (document.getElementById('content')) {\n\t\tdocument.getElementById('content').style.overflow = contentOverflow;\n\t}\n});\n}\n<\/script>\n\n\n\n<div style=\"height:70px\" aria-hidden=\"true\" class=\"wp-block-spacer\"><\/div>\n\n\n\n<h2 class=\"wp-block-heading\">\ud83d\udcd2 Weitere Informationen<\/h2>\n\n\n\n<p>F\u00fcr weitere n\u00fctzliche Informationen zur Werft, einschlie\u00dflich Navigation, Lernzielen und Inhalten, laden Sie bitte unser Benutzerhandbuch herunter.<\/p>\n\n\n\n<div class=\"wp-block-file\"><a id=\"wp-block-file--media-73464a18-a410-4d8a-a627-19cd5cb1d995\" href=\"https:\/\/ahod360.ili.eu\/wp-content\/uploads\/2025\/04\/AHOD-360-D4.18-Benutzerhandbuch_DE-1.pdf\">AHOD 360 &#8211; D4.18 Benutzerhandbuch_DE<\/a><a href=\"https:\/\/ahod360.ili.eu\/wp-content\/uploads\/2025\/04\/AHOD-360-D4.18-Benutzerhandbuch_DE-1.pdf\" class=\"wp-block-file__button wp-element-button\" download aria-describedby=\"wp-block-file--media-73464a18-a410-4d8a-a627-19cd5cb1d995\">Herunterladen<\/a><\/div>\n\n\n\n<div style=\"height:70px\" aria-hidden=\"true\" class=\"wp-block-spacer\"><\/div>\n\n\n\n<h2 class=\"wp-block-heading\">\ud83c\udfb2 Testen Sie Ihr Wissen!<\/h2>\n\n\n\n<p>Hat Ihnen der Rundgang durch die Werft Spa\u00df gemacht? Testen Sie nun Ihr Wissen mit unseren interaktiven Fragen!<\/p>\n\n\n<div class=\"rrze-elements accordion style_light\" id=\"accordion-0\">\n<div class=\"accordion-group #A1BDCF\">\n<h2 class=\"accordion-heading\"><button class=\"accordion-toggle\" data-toggle=\"collapse\"  href=\"#collapse_0\" aria-expanded=\"false\" aria-controls=\"collapse_0\" id=\"collapse_button_0\"> Dialog Cards <\/button><\/h2>\n<div id=\"collapse_0\" class=\"accordion-body\" aria-labelledby=\"collapse_button_0\">\n<div class=\"accordion-inner clearfix\">\n<div class=\"h5p-iframe-wrapper\"><iframe id=\"h5p-iframe-7\" class=\"h5p-iframe\" data-content-id=\"7\" style=\"height:1px\" src=\"about:blank\" frameBorder=\"0\" scrolling=\"no\" title=\"AHOD360 - Boebs Werft_Baltic Sea_Dialog Cards_German\"><\/iframe><\/div>\n<\/div>\n<\/div>\n<\/div>\n<p><\/p>\n<div class=\"accordion-group #A1BDCF\">\n<h2 class=\"accordion-heading\"><button class=\"accordion-toggle\" data-toggle=\"collapse\"  href=\"#collapse_1\" aria-expanded=\"false\" aria-controls=\"collapse_1\" id=\"collapse_button_1\"> Drag the Words <\/button><\/h2>\n<div id=\"collapse_1\" class=\"accordion-body\" aria-labelledby=\"collapse_button_1\">\n<div class=\"accordion-inner clearfix\">\n<div class=\"h5p-iframe-wrapper\"><iframe id=\"h5p-iframe-8\" class=\"h5p-iframe\" data-content-id=\"8\" style=\"height:1px\" src=\"about:blank\" frameBorder=\"0\" scrolling=\"no\" title=\"AHOD360 - Boebs Werft_Baltic Sea_Drag the words_German\"><\/iframe><\/div>\n<\/div>\n<\/div>\n<\/div>\n<p><\/p>\n<div class=\"accordion-group #A1BDCF\">\n<h2 class=\"accordion-heading\"><button class=\"accordion-toggle\" data-toggle=\"collapse\"  href=\"#collapse_2\" aria-expanded=\"false\" aria-controls=\"collapse_2\" id=\"collapse_button_2\"> Multiple Choice <\/button><\/h2>\n<div id=\"collapse_2\" class=\"accordion-body\" aria-labelledby=\"collapse_button_2\">\n<div class=\"accordion-inner clearfix\">\n<div class=\"h5p-iframe-wrapper\"><iframe id=\"h5p-iframe-9\" class=\"h5p-iframe\" data-content-id=\"9\" style=\"height:1px\" src=\"about:blank\" frameBorder=\"0\" scrolling=\"no\" title=\"AHOD360 - Boebs Werft_Baltic Sea_Multiple Choice_German\"><\/iframe><\/div>\n<\/div>\n<\/div>\n<\/div>\n<p><\/p>\n<div class=\"accordion-group #A1BDCF\">\n<h2 class=\"accordion-heading\"><button class=\"accordion-toggle\" data-toggle=\"collapse\"  href=\"#collapse_3\" aria-expanded=\"false\" aria-controls=\"collapse_3\" id=\"collapse_button_3\"> Find the Words <\/button><\/h2>\n<div id=\"collapse_3\" class=\"accordion-body\" aria-labelledby=\"collapse_button_3\">\n<div class=\"accordion-inner clearfix\">\n<div class=\"h5p-iframe-wrapper\"><iframe id=\"h5p-iframe-10\" class=\"h5p-iframe\" data-content-id=\"10\" style=\"height:1px\" src=\"about:blank\" frameBorder=\"0\" scrolling=\"no\" title=\"AHOD360 - Boebs Werft_Baltic Sea_Find The Words_German\"><\/iframe><\/div>\n<\/div>\n<\/div>\n<\/div>\n<p><\/p>\n<div class=\"accordion-group #A1BDCF\">\n<h2 class=\"accordion-heading\"><button class=\"accordion-toggle\" data-toggle=\"collapse\"  href=\"#collapse_4\" aria-expanded=\"false\" aria-controls=\"collapse_4\" id=\"collapse_button_4\"> Drag & Drop <\/button><\/h2>\n<div id=\"collapse_4\" class=\"accordion-body\" aria-labelledby=\"collapse_button_4\">\n<div class=\"accordion-inner clearfix\">\n<div class=\"h5p-iframe-wrapper\"><iframe id=\"h5p-iframe-11\" class=\"h5p-iframe\" data-content-id=\"11\" style=\"height:1px\" src=\"about:blank\" frameBorder=\"0\" scrolling=\"no\" title=\"AHOD360 - Boebs Werft_Baltic Sea _Drag and Drop_German\"><\/iframe><\/div>\n<\/div>\n<\/div>\n<\/div>\n<p>\n<\/div>\n\n","protected":false},"excerpt":{"rendered":"<p>Willkommen in der B\u00f6bs-Werft, einem Zentrum f\u00fcr die Wartung und Restaurierung klassischer Yachten. Erleben Sie die Kombination aus traditioneller Handwerkskunst und modernem Fachwissen, die diese Werft zu einem f\u00fchrenden Anbieter im Yachtservice macht. B\u00f6bs-Werft, gelegen in L\u00fcbeck-Travem\u00fcnde an der Ostsee, blickt auf \u00fcber ein Jahrhundert maritimer Tradition zur\u00fcck. Gegr\u00fcndet im Jahr 1912, hat sich die &#8230; <a title=\"B\u00f6bs-Werft (Ostsee)\" class=\"read-more\" href=\"https:\/\/ahod360.ili.eu\/index.php\/de\/boebs-werft-ostsee\/\" aria-label=\"Mehr Informationen \u00fcber B\u00f6bs-Werft (Ostsee)\">Weiterlesen<\/a><\/p>\n","protected":false},"author":2,"featured_media":0,"parent":0,"menu_order":0,"comment_status":"closed","ping_status":"closed","template":"","meta":{"footnotes":""},"class_list":["post-233","page","type-page","status-publish"],"_links":{"self":[{"href":"https:\/\/ahod360.ili.eu\/index.php\/wp-json\/wp\/v2\/pages\/233","targetHints":{"allow":["GET"]}}],"collection":[{"href":"https:\/\/ahod360.ili.eu\/index.php\/wp-json\/wp\/v2\/pages"}],"about":[{"href":"https:\/\/ahod360.ili.eu\/index.php\/wp-json\/wp\/v2\/types\/page"}],"author":[{"embeddable":true,"href":"https:\/\/ahod360.ili.eu\/index.php\/wp-json\/wp\/v2\/users\/2"}],"replies":[{"embeddable":true,"href":"https:\/\/ahod360.ili.eu\/index.php\/wp-json\/wp\/v2\/comments?post=233"}],"version-history":[{"count":17,"href":"https:\/\/ahod360.ili.eu\/index.php\/wp-json\/wp\/v2\/pages\/233\/revisions"}],"predecessor-version":[{"id":455,"href":"https:\/\/ahod360.ili.eu\/index.php\/wp-json\/wp\/v2\/pages\/233\/revisions\/455"}],"wp:attachment":[{"href":"https:\/\/ahod360.ili.eu\/index.php\/wp-json\/wp\/v2\/media?parent=233"}],"curies":[{"name":"wp","href":"https:\/\/api.w.org\/{rel}","templated":true}]}}