{"id":221,"date":"2025-04-08T14:09:44","date_gmt":"2025-04-08T12:09:44","guid":{"rendered":"https:\/\/ahod360.ili.eu\/?page_id=221"},"modified":"2025-04-11T11:38:24","modified_gmt":"2025-04-11T09:38:24","slug":"legal","status":"publish","type":"page","link":"https:\/\/ahod360.ili.eu\/index.php\/legal\/","title":{"rendered":"Legal notice"},"content":{"rendered":"\n<h2 class=\"wp-block-heading\">Publisher<\/h2>\n\n\n\n<p>Friedrich-Alexander-Universit\u00e4t Erlangen-N\u00fcrnberg <\/p>\n\n\n\n<p>Freyeslebenstra\u00dfe 1<br>91058 Erlangen<\/p>\n\n\n\n<p>E-Mail: <a href=\"mailto:poststelle@fau.de\">poststelle@fau.de<\/a><\/p>\n\n\n\n<p>Represented by<\/p>\n\n\n\n<p>The FAU Competence Center Education is a public law institution within the University of Erlangen-Nuremberg. It is represented by President Prof. Dr. Joachim Hornegger.<\/p>\n\n\n\n<h2 class=\"wp-block-heading\">Contact<\/h2>\n\n\n\n<p>Tel +49 (0) 9131 85-61100<\/p>\n\n\n\n<p>Fax +49 (0) 9131 85-61138<\/p>\n\n\n\n<p><a href=\"mailto:info@ili.fau.de?subject=&amp;body=\">info@ili.fau.de<\/a><br><a href=\"https:\/\/lehre.fau.de\">https:\/\/lehre.fau.de<\/a><\/p>\n\n\n\n<h2 class=\"wp-block-heading\">Competent supervisory authority<\/h2>\n\n\n\n<p>Bavarian State Ministry for Science and Art<\/p>\n\n\n\n<p>Salvatorstra\u00dfe 280327 Munich<\/p>\n\n\n\n<p>Website: <strong><a href=\"https:\/\/www.km.bayern.de\" target=\"_blank\" rel=\"noreferrer noopener\">https:\/\/www.km.bayern.de<\/a><\/strong><\/p>\n\n\n\n<h2 class=\"wp-block-heading\">Identification numbers<\/h2>\n\n\n\n<p>Sales tax identification number (according to \u00a7 27a sales tax law): DE 132507686<\/p>\n\n\n\n<p>Tax number: 216\/114\/20045 (Erlangen tax office)<br>DUNS number: b327958716<\/p>\n\n\n\n<p>EORI number: DE4204891<\/p>\n\n\n\n<h2 class=\"wp-block-heading\">Bank details<\/h2>\n\n\n\n<p>Bayerische Landesbank M\u00fcnchen<\/p>\n\n\n\n<p>SWIFT\/BIC-Code:<br>BYLADEMMXXX<\/p>\n\n\n\n<p>IBAN: DE66700500000301279280<\/p>\n\n\n\n<h2 class=\"wp-block-heading\">Responsible for the content<\/h2>\n\n\n\n<p>Roland Klein Dr.-Mack-Str. 77<br>90762 F\u00fcrth<\/p>\n\n\n\n<p>E-Mail: <a href=\"mailto:roland.klein@ili.fau.de\">roland.klein@ili.fau.de<\/a><\/p>\n\n\n\n<p>Telefon: <a href=\"tel:01792160418\">01792160418<\/a><\/p>\n\n\n\n<h2 class=\"wp-block-heading\">Security Incidents<\/h2>\n\n\n\n<p>Reporting misuse of computer and network resources<\/p>\n\n\n\n<p>If you notice any form of misuse of the computer and network resources at the Friedrich-Alexander-Universit\u00e4t Erlangen-N\u00fcrnberg, <strong>please inform the <\/strong>office responsible <strong>for IT security <\/strong>at the RRZE <strong>immediately.<\/strong><\/p>\n\n\n\n<h2 class=\"wp-block-heading\">Terms of use<\/h2>\n\n\n\n<p>Texts, pictures, graphics as well as the design of these internet pages may be subject to copyright.<\/p>\n\n\n\n<p>According to \u00a7 5 of the Copyright Act (UrhG), the following are not protected by copyright<\/p>\n\n\n\n<ul class=\"wp-block-list\">\n<li>Laws, ordinances, official \u00a0\u00a0\u00a0\u00a0\u00a0decrees and notices as well as decisions and officially written guidelines \u00a0\u00a0\u00a0\u00a0\u00a0on decisions and<\/li>\n\n\n\n<li>other official works which have \u00a0\u00a0\u00a0\u00a0\u00a0been published in the official interest for general knowledge, with the \u00a0\u00a0\u00a0\u00a0\u00a0restriction that the provisions on prohibition of alteration and \u00a0\u00a0\u00a0\u00a0\u00a0indication of source in Section 62 (1) to (3) and Section 63 (1) and (2) \u00a0\u00a0\u00a0\u00a0\u00a0UrhG shall apply mutatis mutandis.<\/li>\n<\/ul>\n\n\n\n<p>As a private person you may use copyrighted material for private and other own use within the framework of <strong>\u00a7 53 Copyright Act (UrhG).<\/strong> Any reproduction or use of these pages or parts thereof in other electronic or printed publications and their publication is only permitted with our consent. This will be granted on request by the person responsible for the content. The reprinting and evaluation of press releases and speeches are generally permitted with reference to the source.<\/p>\n\n\n\n<p>Furthermore, texts, images, graphics and other files may be subject in whole or in part to the copyright of third parties. The persons responsible for the content will also provide you with more detailed information about the existence of possible third party rights, unless these rights are already indicated by corresponding references in the website.<\/p>\n\n\n\n<h2 class=\"wp-block-heading\">Disclaimer<\/h2>\n\n\n\n<p>This imprint applies to the web presence under the address: https:\/\/ahod360.ili.eu.<\/p>\n\n\n\n<p>The respective institutions are responsible for the content of other FAU websites.<\/p>\n\n\n\n<p>All information provided on this website has been compiled and checked to the best of our knowledge and belief. However, we cannot guarantee that the information provided is up-to-date, correct, complete or available at all times. A contractual relationship with the users of the Internet offer does not come about.<\/p>\n\n\n\n<p>We are not liable for damages caused by the use of this internet offer. This exclusion of liability does not apply if the provisions of \u00a7 839 of the German Civil Code (liability for breach of official duty) are relevant. No liability is accepted for any damage caused by malware or the installation or use of software when calling up or downloading data.<\/p>\n\n\n\n<p>As a service provider, we are responsible for our own content on these pages according to the general laws pursuant to \u00a7 7 para. 1 TMG. According to \u00a7\u00a7 8 to 10 TMG, however, we are not obliged as a service provider to monitor transmitted or stored third-party information or to investigate circumstances that indicate illegal activity.<\/p>\n\n\n\n<p>Obligations to remove or block the use of information according to general laws remain unaffected by this. However, liability in this regard is only possible from the time of knowledge of a concrete infringement. If we become aware of any such infringements, we will remove this content immediately.<\/p>\n\n\n\n<p>The operator expressly reserves the right to change, supplement or delete individual web pages, web services or the entire offer without separate announcement or to cease publication temporarily or permanently.<\/p>\n\n\n\n<h2 class=\"wp-block-heading\">Liability for links<\/h2>\n\n\n\n<p>Our offer contains links to external websites of third parties, on whose contents we have no influence. Therefore, we cannot assume any liability for these external contents. The respective provider or operator of the pages is always responsible for the content of the linked pages. The linked pages were checked for possible legal violations at the time of linking. Illegal contents were not recognizable at the time of linking.<\/p>\n\n\n\n<p>However, a permanent control of the contents of the linked pages is not reasonable without concrete evidence of a violation of the law. If we become aware of any infringements, we will remove such links immediately.<\/p>\n","protected":false},"excerpt":{"rendered":"<p>Publisher Friedrich-Alexander-Universit\u00e4t Erlangen-N\u00fcrnberg Freyeslebenstra\u00dfe 191058 Erlangen E-Mail: poststelle@fau.de Represented by The FAU Competence Center Education is a public law institution within the University of Erlangen-Nuremberg. It is represented by President Prof. Dr. Joachim Hornegger. Contact Tel +49 (0) 9131 85-61100 Fax +49 (0) 9131 85-61138 info@ili.fau.dehttps:\/\/lehre.fau.de Competent supervisory authority Bavarian State Ministry for Science and &#8230; <a title=\"Legal notice\" class=\"read-more\" href=\"https:\/\/ahod360.ili.eu\/index.php\/legal\/\" aria-label=\"Mehr Informationen \u00fcber Legal notice\">Weiterlesen<\/a><\/p>\n","protected":false},"author":2,"featured_media":0,"parent":0,"menu_order":0,"comment_status":"closed","ping_status":"closed","template":"","meta":{"footnotes":""},"class_list":["post-221","page","type-page","status-publish"],"_links":{"self":[{"href":"https:\/\/ahod360.ili.eu\/index.php\/wp-json\/wp\/v2\/pages\/221","targetHints":{"allow":["GET"]}}],"collection":[{"href":"https:\/\/ahod360.ili.eu\/index.php\/wp-json\/wp\/v2\/pages"}],"about":[{"href":"https:\/\/ahod360.ili.eu\/index.php\/wp-json\/wp\/v2\/types\/page"}],"author":[{"embeddable":true,"href":"https:\/\/ahod360.ili.eu\/index.php\/wp-json\/wp\/v2\/users\/2"}],"replies":[{"embeddable":true,"href":"https:\/\/ahod360.ili.eu\/index.php\/wp-json\/wp\/v2\/comments?post=221"}],"version-history":[{"count":4,"href":"https:\/\/ahod360.ili.eu\/index.php\/wp-json\/wp\/v2\/pages\/221\/revisions"}],"predecessor-version":[{"id":440,"href":"https:\/\/ahod360.ili.eu\/index.php\/wp-json\/wp\/v2\/pages\/221\/revisions\/440"}],"wp:attachment":[{"href":"https:\/\/ahod360.ili.eu\/index.php\/wp-json\/wp\/v2\/media?parent=221"}],"curies":[{"name":"wp","href":"https:\/\/api.w.org\/{rel}","templated":true}]}}