{"id":141,"date":"2025-04-02T16:48:36","date_gmt":"2025-04-02T14:48:36","guid":{"rendered":"https:\/\/ahod360.ili.eu\/?page_id=141"},"modified":"2025-04-11T12:54:45","modified_gmt":"2025-04-11T10:54:45","slug":"klaas-hennepoel-mar-del-norte","status":"publish","type":"page","link":"https:\/\/ahod360.ili.eu\/index.php\/es\/klaas-hennepoel-mar-del-norte\/","title":{"rendered":"Klaas Hennepoel (Mar del Norte)"},"content":{"rendered":"\n<p>Bienvenidos al astillero virtual Klaas Hennepoel, donde la artesan\u00eda tradicional de la construcci\u00f3n naval holandesa sigue viva. Experimente la restauraci\u00f3n de barcos hist\u00f3ricos y el uso de materiales y t\u00e9cnicas aut\u00e9nticas.<\/p>\n\n\n\n<p>Scheepswerf Klaas Hennepoel en Warmond, Pa\u00edses Bajos, se dedica a preservar las t\u00e9cnicas tradicionales de construcci\u00f3n naval. Fundado por Alexander de Vos, el astillero ha creado un astillero de estilo del siglo XIX con edificios construidos de manera aut\u00e9ntica. La misi\u00f3n es proteger y restaurar viejas embarcaciones locales y m\u00e9todos de trabajo. Los visitantes pueden presenciar la restauraci\u00f3n de barcos como el boeier Vivo y otras embarcaciones tradicionales holandesas como los tjotters. El astillero utiliza materiales originales de construcci\u00f3n naval, a menudo roble, obtenidos y procesados de manera hist\u00f3ricamente fiel. El astillero colabora con estudiantes y aprendices para proporcionar formaci\u00f3n pr\u00e1ctica, asegurando que las t\u00e9cnicas e historias de estas embarcaciones de madera perduren. El astillero ofrece demostraciones, oportunidades de voluntariado y visitas guiadas. Aunque se centra en la construcci\u00f3n hist\u00f3rica, el astillero tambi\u00e9n integra la conciencia ambiental moderna y nuevas tecnolog\u00edas. Los visitantes pueden ver de primera mano c\u00f3mo se restauran las embarcaciones y aprender sobre el patrimonio mar\u00edtimo con cita previa.<\/p>\n\n\n<div id='ggpkg_container_0_141' style='width:100%; height:800px; position: relative;'>\n<div style='width:100%; height:100%; overflow: hidden; position:relative; display:flex; justify-content:center; align-items:center;'>\n<img src='https:\/\/ahod360.ili.eu\/wp-content\/uploads\/2025\/04\/north_sea\/preview.jpg' alt='' onclick='startPlayer_0_141();' style='min-width:100%; max-width: 10000px; min-height: 100%; max-height: 10000px; position: absolute;'>\n<img src='\/wp-content\/plugins\/garden-gnome-package\/include\/play.png' alt='' onclick='startPlayer_0_141();' style='width: 180px; height: 180px; z-index:10; display: block;'>\n<\/div>\n<\/div>\n<script type='text\/javascript' src='https:\/\/ahod360.ili.eu\/wp-content\/uploads\/2025\/04\/north_sea\/pano2vr_player.js'><\/script>\n<script type='text\/javascript' src='https:\/\/ahod360.ili.eu\/wp-content\/uploads\/2025\/04\/north_sea\/skin.js'><\/script>\n<script type='text\/javascript'>\nfunction startPlayer_0_141() {\nif  (typeof north_sea_pano2vrPlayer != 'undefined') {\n\tpano_0_141=new north_sea_pano2vrPlayer('ggpkg_container_0_141');\n} else {\n\tpano_0_141=new pano2vrPlayer('ggpkg_container_0_141');\n}\nif  (typeof north_sea_pano2vrSkin != 'undefined') {\n\tskin_0_141=new north_sea_pano2vrSkin(pano_0_141, 'https:\/\/ahod360.ili.eu\/wp-content\/uploads\/2025\/04\/north_sea\/');\n} else {\n\tskin_0_141=new pano2vrSkin(pano_0_141, 'https:\/\/ahod360.ili.eu\/wp-content\/uploads\/2025\/04\/north_sea\/');\n}\npano_0_141.readConfigUrlAsync('https:\/\/ahod360.ili.eu\/wp-content\/uploads\/2025\/04\/north_sea\/pano.xml');\nvar contentOverflow = document.getElementById('content') ? document.getElementById('content').style.overflow : '';\npano_0_141.addListener('fullscreenenter', function() {\n\tif (document.getElementById('content')) {\n\t\tdocument.getElementById('content').style.overflow = 'visible';\n\t}\n});\npano_0_141.addListener('fullscreenexit', function() {\n\tif (document.getElementById('content')) {\n\t\tdocument.getElementById('content').style.overflow = contentOverflow;\n\t}\n});\n}\n<\/script>\n\n\n\n<div style=\"height:70px\" aria-hidden=\"true\" class=\"wp-block-spacer\"><\/div>\n\n\n\n<h2 class=\"wp-block-heading\">\ud83d\udcd2 M\u00e1s Informaci\u00f3n<\/h2>\n\n\n\n<p>Para obtener m\u00e1s informaci\u00f3n \u00fatil sobre el astillero, incluida la navegaci\u00f3n, los objetivos de aprendizaje y el contenido, descargue nuestro manual de usuario.<\/p>\n\n\n\n<div class=\"wp-block-file\"><a id=\"wp-block-file--media-c690a2ef-12d7-4b39-8217-3c30317dc8a9\" href=\"https:\/\/ahod360.ili.eu\/wp-content\/uploads\/2025\/04\/AHOD-360-D4.18-Manual-del-usuario_ES.pdf\">AHOD 360 &#8211; D4.18 Manual del usuario_ES<\/a><a href=\"https:\/\/ahod360.ili.eu\/wp-content\/uploads\/2025\/04\/AHOD-360-D4.18-Manual-del-usuario_ES.pdf\" class=\"wp-block-file__button wp-element-button\" download aria-describedby=\"wp-block-file--media-c690a2ef-12d7-4b39-8217-3c30317dc8a9\">Descargar<\/a><\/div>\n\n\n\n<div style=\"height:70px\" aria-hidden=\"true\" class=\"wp-block-spacer\"><\/div>\n\n\n\n<h2 class=\"wp-block-heading\">\ud83c\udfb2 Ponga a prueba sus conocimientos!<\/h2>\n\n\n\n<p>\u00bfDisfrutaste del recorrido por el astillero? \u00a1Ahora pon a prueba tus conocimientos con nuestras preguntas interactivas!<\/p>\n\n\n<div class=\"rrze-elements accordion style_light\" id=\"accordion-0\">\n<div class=\"accordion-group #A1BDCF\">\n<h2 class=\"accordion-heading\"><button class=\"accordion-toggle\" data-toggle=\"collapse\"  href=\"#collapse_0\" aria-expanded=\"false\" aria-controls=\"collapse_0\" id=\"collapse_button_0\"> Dialog Cards <\/button><\/h2>\n<div id=\"collapse_0\" class=\"accordion-body\" aria-labelledby=\"collapse_button_0\">\n<div class=\"accordion-inner clearfix\">\n<div class=\"h5p-iframe-wrapper\"><iframe id=\"h5p-iframe-43\" class=\"h5p-iframe\" data-content-id=\"43\" style=\"height:1px\" src=\"about:blank\" frameBorder=\"0\" scrolling=\"no\" title=\"AHOD360 - Klaas Hennepoel_North Sea_Dialogue Card_Spanish\"><\/iframe><\/div>\n<\/div>\n<\/div>\n<\/div>\n<p><\/p>\n<div class=\"accordion-group #A1BDCF\">\n<h2 class=\"accordion-heading\"><button class=\"accordion-toggle\" data-toggle=\"collapse\"  href=\"#collapse_1\" aria-expanded=\"false\" aria-controls=\"collapse_1\" id=\"collapse_button_1\"> Drag the Words <\/button><\/h2>\n<div id=\"collapse_1\" class=\"accordion-body\" aria-labelledby=\"collapse_button_1\">\n<div class=\"accordion-inner clearfix\">\n<div class=\"h5p-iframe-wrapper\"><iframe id=\"h5p-iframe-44\" class=\"h5p-iframe\" data-content-id=\"44\" style=\"height:1px\" src=\"about:blank\" frameBorder=\"0\" scrolling=\"no\" title=\"HOD360 - Klaas Hennepoel_North Sea_Drag the words_Spanish\"><\/iframe><\/div>\n<\/div>\n<\/div>\n<\/div>\n<p><\/p>\n<div class=\"accordion-group #A1BDCF\">\n<h2 class=\"accordion-heading\"><button class=\"accordion-toggle\" data-toggle=\"collapse\"  href=\"#collapse_2\" aria-expanded=\"false\" aria-controls=\"collapse_2\" id=\"collapse_button_2\"> Find the Words <\/button><\/h2>\n<div id=\"collapse_2\" class=\"accordion-body\" aria-labelledby=\"collapse_button_2\">\n<div class=\"accordion-inner clearfix\">\n<div class=\"h5p-iframe-wrapper\"><iframe id=\"h5p-iframe-45\" class=\"h5p-iframe\" data-content-id=\"45\" style=\"height:1px\" src=\"about:blank\" frameBorder=\"0\" scrolling=\"no\" title=\"AHOD360 - Klaas Hennepoel_North Sea_Find the words_Spanish\"><\/iframe><\/div>\n<\/div>\n<\/div>\n<\/div>\n<p><\/p>\n<div class=\"accordion-group #A1BDCF\">\n<h2 class=\"accordion-heading\"><button class=\"accordion-toggle\" data-toggle=\"collapse\"  href=\"#collapse_3\" aria-expanded=\"false\" aria-controls=\"collapse_3\" id=\"collapse_button_3\"> Memo Match <\/button><\/h2>\n<div id=\"collapse_3\" class=\"accordion-body\" aria-labelledby=\"collapse_button_3\">\n<div class=\"accordion-inner clearfix\">\n<div class=\"h5p-content\" data-content-id=\"46\"><\/div>\n<\/div>\n<\/div>\n<\/div>\n<p><\/p>\n<div class=\"accordion-group #A1BDCF\">\n<h2 class=\"accordion-heading\"><button class=\"accordion-toggle\" data-toggle=\"collapse\"  href=\"#collapse_4\" aria-expanded=\"false\" aria-controls=\"collapse_4\" id=\"collapse_button_4\"> Multiple Choice <\/button><\/h2>\n<div id=\"collapse_4\" class=\"accordion-body\" aria-labelledby=\"collapse_button_4\">\n<div class=\"accordion-inner clearfix\">\n<div class=\"h5p-iframe-wrapper\"><iframe id=\"h5p-iframe-47\" class=\"h5p-iframe\" data-content-id=\"47\" style=\"height:1px\" src=\"about:blank\" frameBorder=\"0\" scrolling=\"no\" title=\"AHOD360 - Klaas Hennepoel_North Sea_Multiple Choice_Spanish\"><\/iframe><\/div>\n<\/div>\n<\/div>\n<\/div>\n<p>\n<\/div>\n\n","protected":false},"excerpt":{"rendered":"<p>Bienvenidos al astillero virtual Klaas Hennepoel, donde la artesan\u00eda tradicional de la construcci\u00f3n naval holandesa sigue viva. Experimente la restauraci\u00f3n de barcos hist\u00f3ricos y el uso de materiales y t\u00e9cnicas aut\u00e9nticas. Scheepswerf Klaas Hennepoel en Warmond, Pa\u00edses Bajos, se dedica a preservar las t\u00e9cnicas tradicionales de construcci\u00f3n naval. Fundado por Alexander de Vos, el astillero &#8230; <a title=\"Klaas Hennepoel (Mar del Norte)\" class=\"read-more\" href=\"https:\/\/ahod360.ili.eu\/index.php\/es\/klaas-hennepoel-mar-del-norte\/\" aria-label=\"Mehr Informationen \u00fcber Klaas Hennepoel (Mar del Norte)\">Weiterlesen<\/a><\/p>\n","protected":false},"author":2,"featured_media":0,"parent":0,"menu_order":0,"comment_status":"closed","ping_status":"closed","template":"","meta":{"footnotes":""},"class_list":["post-141","page","type-page","status-publish"],"_links":{"self":[{"href":"https:\/\/ahod360.ili.eu\/index.php\/wp-json\/wp\/v2\/pages\/141","targetHints":{"allow":["GET"]}}],"collection":[{"href":"https:\/\/ahod360.ili.eu\/index.php\/wp-json\/wp\/v2\/pages"}],"about":[{"href":"https:\/\/ahod360.ili.eu\/index.php\/wp-json\/wp\/v2\/types\/page"}],"author":[{"embeddable":true,"href":"https:\/\/ahod360.ili.eu\/index.php\/wp-json\/wp\/v2\/users\/2"}],"replies":[{"embeddable":true,"href":"https:\/\/ahod360.ili.eu\/index.php\/wp-json\/wp\/v2\/comments?post=141"}],"version-history":[{"count":7,"href":"https:\/\/ahod360.ili.eu\/index.php\/wp-json\/wp\/v2\/pages\/141\/revisions"}],"predecessor-version":[{"id":446,"href":"https:\/\/ahod360.ili.eu\/index.php\/wp-json\/wp\/v2\/pages\/141\/revisions\/446"}],"wp:attachment":[{"href":"https:\/\/ahod360.ili.eu\/index.php\/wp-json\/wp\/v2\/media?parent=141"}],"curies":[{"name":"wp","href":"https:\/\/api.w.org\/{rel}","templated":true}]}}