{"id":134,"date":"2025-04-02T16:34:24","date_gmt":"2025-04-02T14:34:24","guid":{"rendered":"https:\/\/ahod360.ili.eu\/?page_id=134"},"modified":"2025-04-11T12:54:08","modified_gmt":"2025-04-11T10:54:08","slug":"klaas-hennepoel-nordsee","status":"publish","type":"page","link":"https:\/\/ahod360.ili.eu\/index.php\/de\/klaas-hennepoel-nordsee\/","title":{"rendered":"Klaas Hennepoel (Nordsee)"},"content":{"rendered":"\n<p>Willkommen in der virtuellen Werft Klaas Hennepoel, wo die traditionelle niederl\u00e4ndische Schiffbaukunst lebendig bleibt. Erleben Sie die Restaurierung historischer Boote und die Verwendung von authentischen Materialien und Techniken.<\/p>\n\n\n\n<p>Scheepswerf Klaas Hennepoel in Warmond, Niederlande, ist ein Zentrum f\u00fcr die Bewahrung traditioneller Schiffbautechniken. Gegr\u00fcndet von Alexander de Vos, hat die Werft seit den fr\u00fchen 2000er Jahren eine Werft im Stil des 19. Jahrhunderts geschaffen, komplett mit authentisch konstruierten Geb\u00e4uden. Die Mission der Werft ist es, alte lokale Schiffe und Arbeitsmethoden zu sch\u00fctzen und zu restaurieren. Besucher k\u00f6nnen die Restaurierung von Booten wie dem Boeier Vivo und anderen traditionellen niederl\u00e4ndischen Booten wie Tjotters miterleben. Die Werft verwendet originale Schiffbaumaterialien, oft Eiche, die auf historisch getreue Weise beschafft und verarbeitet wird. Die Werft arbeitet regelm\u00e4\u00dfig mit Studenten und Auszubildenden zusammen, um praktisches Training zu bieten. Dies stellt sicher, dass die Techniken und Geschichten dieser Holzschiffe weitergegeben werden. Die Werft bietet Demonstrationen, Freiwilligenm\u00f6glichkeiten und F\u00fchrungen an. Obwohl sie sich auf historische Konstruktionen konzentriert, integriert die Werft auch moderne Umweltbewusstsein und neue Technologien. Besucher k\u00f6nnen nach Vereinbarung die Restaurierung der Schiffe aus erster Hand erleben und mehr \u00fcber das maritime Erbe erfahren.<\/p>\n\n\n<div id='ggpkg_container_0_134' style='width:100%; height:800px; position: relative;'>\n<div style='width:100%; height:100%; overflow: hidden; position:relative; display:flex; justify-content:center; align-items:center;'>\n<img src='https:\/\/ahod360.ili.eu\/wp-content\/uploads\/2025\/04\/north_sea\/preview.jpg' alt='' onclick='startPlayer_0_134();' style='min-width:100%; max-width: 10000px; min-height: 100%; max-height: 10000px; position: absolute;'>\n<img src='\/wp-content\/plugins\/garden-gnome-package\/include\/play.png' alt='' onclick='startPlayer_0_134();' style='width: 180px; height: 180px; z-index:10; display: block;'>\n<\/div>\n<\/div>\n<script type='text\/javascript' src='https:\/\/ahod360.ili.eu\/wp-content\/uploads\/2025\/04\/north_sea\/pano2vr_player.js'><\/script>\n<script type='text\/javascript' src='https:\/\/ahod360.ili.eu\/wp-content\/uploads\/2025\/04\/north_sea\/skin.js'><\/script>\n<script type='text\/javascript'>\nfunction startPlayer_0_134() {\nif  (typeof north_sea_pano2vrPlayer != 'undefined') {\n\tpano_0_134=new north_sea_pano2vrPlayer('ggpkg_container_0_134');\n} else {\n\tpano_0_134=new pano2vrPlayer('ggpkg_container_0_134');\n}\nif  (typeof north_sea_pano2vrSkin != 'undefined') {\n\tskin_0_134=new north_sea_pano2vrSkin(pano_0_134, 'https:\/\/ahod360.ili.eu\/wp-content\/uploads\/2025\/04\/north_sea\/');\n} else {\n\tskin_0_134=new pano2vrSkin(pano_0_134, 'https:\/\/ahod360.ili.eu\/wp-content\/uploads\/2025\/04\/north_sea\/');\n}\npano_0_134.readConfigUrlAsync('https:\/\/ahod360.ili.eu\/wp-content\/uploads\/2025\/04\/north_sea\/pano.xml');\nvar contentOverflow = document.getElementById('content') ? document.getElementById('content').style.overflow : '';\npano_0_134.addListener('fullscreenenter', function() {\n\tif (document.getElementById('content')) {\n\t\tdocument.getElementById('content').style.overflow = 'visible';\n\t}\n});\npano_0_134.addListener('fullscreenexit', function() {\n\tif (document.getElementById('content')) {\n\t\tdocument.getElementById('content').style.overflow = contentOverflow;\n\t}\n});\n}\n<\/script>\n\n\n\n<div style=\"height:70px\" aria-hidden=\"true\" class=\"wp-block-spacer\"><\/div>\n\n\n\n<h2 class=\"wp-block-heading\">\ud83d\udcd2 Zus\u00e4tzliche Informationen<\/h2>\n\n\n\n<p>F\u00fcr weitere n\u00fctzliche Informationen zur Werft, einschlie\u00dflich Navigation, Lernzielen und Inhalten, laden Sie bitte unser Benutzerhandbuch herunter.<\/p>\n\n\n\n<div class=\"wp-block-file\"><a id=\"wp-block-file--media-73464a18-a410-4d8a-a627-19cd5cb1d995\" href=\"https:\/\/ahod360.ili.eu\/wp-content\/uploads\/2025\/04\/AHOD-360-D4.18-Benutzerhandbuch_DE-1.pdf\">AHOD 360 &#8211; D4.18 Benutzerhandbuch_DE<\/a><a href=\"https:\/\/ahod360.ili.eu\/wp-content\/uploads\/2025\/04\/AHOD-360-D4.18-Benutzerhandbuch_DE-1.pdf\" class=\"wp-block-file__button wp-element-button\" download aria-describedby=\"wp-block-file--media-73464a18-a410-4d8a-a627-19cd5cb1d995\">Herunterladen<\/a><\/div>\n\n\n\n<div style=\"height:70px\" aria-hidden=\"true\" class=\"wp-block-spacer\"><\/div>\n\n\n\n<h2 class=\"wp-block-heading\">\ud83c\udfb2 Testen Sie Ihr Wissen!<\/h2>\n\n\n\n<p>Hat Ihnen der Rundgang durch die Werft Spa\u00df gemacht? Testen Sie nun Ihr Wissen mit unseren interaktiven Fragen!<\/p>\n\n\n<div class=\"rrze-elements accordion style_light\" id=\"accordion-0\">\n<div class=\"accordion-group #A1BDCF\">\n<h2 class=\"accordion-heading\"><button class=\"accordion-toggle\" data-toggle=\"collapse\"  href=\"#collapse_0\" aria-expanded=\"false\" aria-controls=\"collapse_0\" id=\"collapse_button_0\"> Dialog Cards <\/button><\/h2>\n<div id=\"collapse_0\" class=\"accordion-body\" aria-labelledby=\"collapse_button_0\">\n<div class=\"accordion-inner clearfix\">\n<div class=\"h5p-iframe-wrapper\"><iframe id=\"h5p-iframe-33\" class=\"h5p-iframe\" data-content-id=\"33\" style=\"height:1px\" src=\"about:blank\" frameBorder=\"0\" scrolling=\"no\" title=\"AHOD360 - Klaas Hennepoel_North Sea_Dialogue Card_German\"><\/iframe><\/div>\n<\/div>\n<\/div>\n<\/div>\n<p><\/p>\n<div class=\"accordion-group #A1BDCF\">\n<h2 class=\"accordion-heading\"><button class=\"accordion-toggle\" data-toggle=\"collapse\"  href=\"#collapse_1\" aria-expanded=\"false\" aria-controls=\"collapse_1\" id=\"collapse_button_1\"> Drag the Words <\/button><\/h2>\n<div id=\"collapse_1\" class=\"accordion-body\" aria-labelledby=\"collapse_button_1\">\n<div class=\"accordion-inner clearfix\">\n<div class=\"h5p-iframe-wrapper\"><iframe id=\"h5p-iframe-34\" class=\"h5p-iframe\" data-content-id=\"34\" style=\"height:1px\" src=\"about:blank\" frameBorder=\"0\" scrolling=\"no\" title=\"AHOD360 - Klaas Hennepoel_North Sea_Drag the words_German\"><\/iframe><\/div>\n<\/div>\n<\/div>\n<\/div>\n<p><\/p>\n<div class=\"accordion-group #A1BDCF\">\n<h2 class=\"accordion-heading\"><button class=\"accordion-toggle\" data-toggle=\"collapse\"  href=\"#collapse_2\" aria-expanded=\"false\" aria-controls=\"collapse_2\" id=\"collapse_button_2\"> Find the Words <\/button><\/h2>\n<div id=\"collapse_2\" class=\"accordion-body\" aria-labelledby=\"collapse_button_2\">\n<div class=\"accordion-inner clearfix\">\n<div class=\"h5p-iframe-wrapper\"><iframe id=\"h5p-iframe-35\" class=\"h5p-iframe\" data-content-id=\"35\" style=\"height:1px\" src=\"about:blank\" frameBorder=\"0\" scrolling=\"no\" title=\"AHOD360 - Klaas Hennepoel_North Sea_Find the words_German\"><\/iframe><\/div>\n<\/div>\n<\/div>\n<\/div>\n<p><\/p>\n<div class=\"accordion-group #A1BDCF\">\n<h2 class=\"accordion-heading\"><button class=\"accordion-toggle\" data-toggle=\"collapse\"  href=\"#collapse_3\" aria-expanded=\"false\" aria-controls=\"collapse_3\" id=\"collapse_button_3\"> Memo Match <\/button><\/h2>\n<div id=\"collapse_3\" class=\"accordion-body\" aria-labelledby=\"collapse_button_3\">\n<div class=\"accordion-inner clearfix\">\n<div class=\"h5p-content\" data-content-id=\"36\"><\/div>\n<\/div>\n<\/div>\n<\/div>\n<p><\/p>\n<div class=\"accordion-group #A1BDCF\">\n<h2 class=\"accordion-heading\"><button class=\"accordion-toggle\" data-toggle=\"collapse\"  href=\"#collapse_4\" aria-expanded=\"false\" aria-controls=\"collapse_4\" id=\"collapse_button_4\"> Multiple Choice <\/button><\/h2>\n<div id=\"collapse_4\" class=\"accordion-body\" aria-labelledby=\"collapse_button_4\">\n<div class=\"accordion-inner clearfix\">\n<div class=\"h5p-iframe-wrapper\"><iframe id=\"h5p-iframe-37\" class=\"h5p-iframe\" data-content-id=\"37\" style=\"height:1px\" src=\"about:blank\" frameBorder=\"0\" scrolling=\"no\" title=\"AHOD360 - Klaas Hennepoel_North Sea_Multiple Choice_German\"><\/iframe><\/div>\n<\/div>\n<\/div>\n<\/div>\n<p>\n<\/div>\n\n","protected":false},"excerpt":{"rendered":"<p>Willkommen in der virtuellen Werft Klaas Hennepoel, wo die traditionelle niederl\u00e4ndische Schiffbaukunst lebendig bleibt. Erleben Sie die Restaurierung historischer Boote und die Verwendung von authentischen Materialien und Techniken. Scheepswerf Klaas Hennepoel in Warmond, Niederlande, ist ein Zentrum f\u00fcr die Bewahrung traditioneller Schiffbautechniken. Gegr\u00fcndet von Alexander de Vos, hat die Werft seit den fr\u00fchen 2000er Jahren &#8230; <a title=\"Klaas Hennepoel (Nordsee)\" class=\"read-more\" href=\"https:\/\/ahod360.ili.eu\/index.php\/de\/klaas-hennepoel-nordsee\/\" aria-label=\"Mehr Informationen \u00fcber Klaas Hennepoel (Nordsee)\">Weiterlesen<\/a><\/p>\n","protected":false},"author":2,"featured_media":0,"parent":0,"menu_order":0,"comment_status":"closed","ping_status":"closed","template":"","meta":{"footnotes":""},"class_list":["post-134","page","type-page","status-publish"],"_links":{"self":[{"href":"https:\/\/ahod360.ili.eu\/index.php\/wp-json\/wp\/v2\/pages\/134","targetHints":{"allow":["GET"]}}],"collection":[{"href":"https:\/\/ahod360.ili.eu\/index.php\/wp-json\/wp\/v2\/pages"}],"about":[{"href":"https:\/\/ahod360.ili.eu\/index.php\/wp-json\/wp\/v2\/types\/page"}],"author":[{"embeddable":true,"href":"https:\/\/ahod360.ili.eu\/index.php\/wp-json\/wp\/v2\/users\/2"}],"replies":[{"embeddable":true,"href":"https:\/\/ahod360.ili.eu\/index.php\/wp-json\/wp\/v2\/comments?post=134"}],"version-history":[{"count":9,"href":"https:\/\/ahod360.ili.eu\/index.php\/wp-json\/wp\/v2\/pages\/134\/revisions"}],"predecessor-version":[{"id":444,"href":"https:\/\/ahod360.ili.eu\/index.php\/wp-json\/wp\/v2\/pages\/134\/revisions\/444"}],"wp:attachment":[{"href":"https:\/\/ahod360.ili.eu\/index.php\/wp-json\/wp\/v2\/media?parent=134"}],"curies":[{"name":"wp","href":"https:\/\/api.w.org\/{rel}","templated":true}]}}