{"id":117,"date":"2025-04-02T15:48:19","date_gmt":"2025-04-02T13:48:19","guid":{"rendered":"https:\/\/ahod360.ili.eu\/index.php\/startseite-francais\/"},"modified":"2025-04-04T12:06:37","modified_gmt":"2025-04-04T10:06:37","slug":"startseite-francais","status":"publish","type":"page","link":"https:\/\/ahod360.ili.eu\/index.php\/fr\/startseite-francais\/","title":{"rendered":"Startseite &#8211; Fran\u00e7ais"},"content":{"rendered":"\n<div class=\"wp-block-cover alignfull\"><span aria-hidden=\"true\" class=\"wp-block-cover__background has-background-dim\" style=\"background-color:#132b48\"><\/span><img loading=\"lazy\" decoding=\"async\" width=\"2560\" height=\"1440\" class=\"wp-block-cover__image-background wp-image-37\" alt=\"\" src=\"https:\/\/ahod360.ili.eu\/wp-content\/uploads\/2025\/04\/SIREHNA-DIGITAL-TWIN-COVER8_no-text-scaled-1.jpeg\" style=\"object-position:50% 50%\" data-object-fit=\"cover\" data-object-position=\"50% 50%\" srcset=\"https:\/\/ahod360.ili.eu\/wp-content\/uploads\/2025\/04\/SIREHNA-DIGITAL-TWIN-COVER8_no-text-scaled-1.jpeg 2560w, https:\/\/ahod360.ili.eu\/wp-content\/uploads\/2025\/04\/SIREHNA-DIGITAL-TWIN-COVER8_no-text-scaled-1-300x169.jpeg 300w, https:\/\/ahod360.ili.eu\/wp-content\/uploads\/2025\/04\/SIREHNA-DIGITAL-TWIN-COVER8_no-text-scaled-1-1024x576.jpeg 1024w, https:\/\/ahod360.ili.eu\/wp-content\/uploads\/2025\/04\/SIREHNA-DIGITAL-TWIN-COVER8_no-text-scaled-1-768x432.jpeg 768w, https:\/\/ahod360.ili.eu\/wp-content\/uploads\/2025\/04\/SIREHNA-DIGITAL-TWIN-COVER8_no-text-scaled-1-1536x864.jpeg 1536w, https:\/\/ahod360.ili.eu\/wp-content\/uploads\/2025\/04\/SIREHNA-DIGITAL-TWIN-COVER8_no-text-scaled-1-2048x1152.jpeg 2048w\" sizes=\"auto, (max-width: 2560px) 100vw, 2560px\" \/><div class=\"wp-block-cover__inner-container is-layout-constrained wp-block-cover-is-layout-constrained\">\n<p class=\"has-text-align-center\" style=\"font-size:29px\">Revitalizing shipwright workforce through immersive learning and digital innovation<\/p>\n<\/div><\/div>\n\n\n\n<div style=\"height:70px\" aria-hidden=\"true\" class=\"wp-block-spacer\"><\/div>\n\n\n\n<h2 class=\"wp-block-heading\">Bienvenue chez AHOD360!<\/h2>\n\n\n\n<p>D\u00e9couvrez le monde fascinant de la construction navale traditionnelle \u00e0 travers nos cinq chantiers navals virtuels. Chaque chantier repr\u00e9sente une r\u00e9gion maritime unique et vous offre un aper\u00e7u approfondi de l&#8217;artisanat, de l&#8217;histoire et de la signification culturelle de la construction navale.<\/p>\n\n\n<div class=\"wp-block-image\">\n<figure class=\"alignleft size-large\"><img loading=\"lazy\" decoding=\"async\" width=\"1024\" height=\"589\" src=\"https:\/\/ahod360.ili.eu\/wp-content\/uploads\/2025\/04\/Schiff-1024x589.jpg\" alt=\"\" class=\"wp-image-108\" srcset=\"https:\/\/ahod360.ili.eu\/wp-content\/uploads\/2025\/04\/Schiff-1024x589.jpg 1024w, https:\/\/ahod360.ili.eu\/wp-content\/uploads\/2025\/04\/Schiff-300x173.jpg 300w, https:\/\/ahod360.ili.eu\/wp-content\/uploads\/2025\/04\/Schiff-768x442.jpg 768w, https:\/\/ahod360.ili.eu\/wp-content\/uploads\/2025\/04\/Schiff-1536x884.jpg 1536w, https:\/\/ahod360.ili.eu\/wp-content\/uploads\/2025\/04\/Schiff.jpg 1985w\" sizes=\"auto, (max-width: 1024px) 100vw, 1024px\" \/><\/figure>\n<\/div>","protected":false},"excerpt":{"rendered":"<p>Bienvenue chez AHOD360! D\u00e9couvrez le monde fascinant de la construction navale traditionnelle \u00e0 travers nos cinq chantiers navals virtuels. Chaque chantier repr\u00e9sente une r\u00e9gion maritime unique et vous offre un aper\u00e7u approfondi de l&#8217;artisanat, de l&#8217;histoire et de la signification culturelle de la construction navale.<\/p>\n","protected":false},"author":2,"featured_media":0,"parent":0,"menu_order":0,"comment_status":"closed","ping_status":"closed","template":"","meta":{"footnotes":""},"class_list":["post-117","page","type-page","status-publish"],"_links":{"self":[{"href":"https:\/\/ahod360.ili.eu\/index.php\/wp-json\/wp\/v2\/pages\/117","targetHints":{"allow":["GET"]}}],"collection":[{"href":"https:\/\/ahod360.ili.eu\/index.php\/wp-json\/wp\/v2\/pages"}],"about":[{"href":"https:\/\/ahod360.ili.eu\/index.php\/wp-json\/wp\/v2\/types\/page"}],"author":[{"embeddable":true,"href":"https:\/\/ahod360.ili.eu\/index.php\/wp-json\/wp\/v2\/users\/2"}],"replies":[{"embeddable":true,"href":"https:\/\/ahod360.ili.eu\/index.php\/wp-json\/wp\/v2\/comments?post=117"}],"version-history":[{"count":2,"href":"https:\/\/ahod360.ili.eu\/index.php\/wp-json\/wp\/v2\/pages\/117\/revisions"}],"predecessor-version":[{"id":208,"href":"https:\/\/ahod360.ili.eu\/index.php\/wp-json\/wp\/v2\/pages\/117\/revisions\/208"}],"wp:attachment":[{"href":"https:\/\/ahod360.ili.eu\/index.php\/wp-json\/wp\/v2\/media?parent=117"}],"curies":[{"name":"wp","href":"https:\/\/api.w.org\/{rel}","templated":true}]}}